{"id":12415,"date":"2025-01-23T07:31:53","date_gmt":"2025-01-23T13:31:53","guid":{"rendered":"https:\/\/teranetmanitoba.ca\/?page_id=12415"},"modified":"2026-02-17T10:20:59","modified_gmt":"2026-02-17T16:20:59","slug":"ressources-de-formation-en-titres-fonciers","status":"publish","type":"page","link":"https:\/\/teranetmanitoba.ca\/fr\/titres-fonciers\/ressources-de-formation-en-titres-fonciers\/","title":{"rendered":"Ressources de formation en titres fonciers"},"content":{"rendered":"\n<div class=\"wp-block-columns is-layout-flex wp-container-core-columns-is-layout-9d6595d7 wp-block-columns-is-layout-flex\">\n<div class=\"wp-block-column is-layout-flow wp-block-column-is-layout-flow\">\n<h3 class=\"wp-block-heading\" id=\"h-guides\"><span style=\"color: #55565b;\">Guides<\/span><\/h3>\n\n\n\n<ul class=\"wp-block-list\">\n<li><a href=\"https:\/\/teranetmanitoba.ca\/wp-content\/uploads\/2024\/01\/Account-Management-User-Guide-V5.07-FR.pdf\">Gestion de compte \u2013 guide d\u2019utilisateur<\/a><\/li>\n\n\n\n<li><a href=\"https:\/\/teranetmanitoba.ca\/wp-content\/uploads\/2025\/04\/Land-Titles-Guide-V69-French-FINAL.pdf\" target=\"_blank\" rel=\"noreferrer noopener\">Guide sur les titres fonciers<\/a><\/li>\n\n\n\n<li><a href=\"https:\/\/teranetmanitoba.ca\/wp-content\/uploads\/2024\/04\/corrections_policy_fr.pdf\" target=\"_blank\" rel=\"noreferrer noopener\">Politique en mati\u00e8re de correction<\/a><\/li>\n\n\n\n<li><a href=\"https:\/\/landtitlesmb.zendesk.com\/hc\/fr-ca\/sections\/31146751244315-Lignes-directrices-relatives-aux-descriptions-l%C3%A9gales-acceptables-pour-l-enregistrement-au-bureau-des-titres-fonciers\">Lignes directrices relatives aux descriptions l\u00e9gales acceptables<\/a><\/li>\n\n\n\n<li><a href=\"https:\/\/teranetmanitoba.ca\/wp-content\/uploads\/2026\/02\/Plan-Registration-V4.15-FR.pdf\">Guide d\u2019enregistrement des plans<\/a><\/li>\n\n\n\n<li><a href=\"\/wp-content\/uploads\/2019\/11\/plan-submission-tips-fr-1.pdf\">Conseils pour l\u2019envoi de plans d\u2019arpentage<\/a><\/li>\n\n\n\n<li><a href=\"https:\/\/teranetmanitoba.ca\/wp-content\/uploads\/2026\/01\/Guide-de-soumission-des-plans-de-lotissement.docx\">Guide de soumission des plans de lotissement par l&rsquo;arpenteur<\/a> <\/li>\n\n\n\n<li><a href=\"https:\/\/teranetmanitoba.ca\/wp-content\/uploads\/2026\/01\/Guide-de-soumission-des-plans-de-servitude.docx\">Guide de soumission des plans de servitude par l&rsquo;arpenteur<\/a><\/li>\n\n\n\n<li><a href=\"https:\/\/teranetmanitoba.ca\/wp-content\/uploads\/2024\/01\/sample-video-witness-letters-FR.pdf\">Exemple de contenu pour la formule&nbsp;32 \u2013 Certificat d\u2019attestation par vid\u00e9o<\/a><\/li>\n\n\n\n<li><a href=\"\/wp-content\/uploads\/2019\/11\/how_to_read_your_statement_fr-2.pdf\">Comment lire votre relev\u00e9 de compte<\/a><\/li>\n\n\n\n<li><a href=\"\/wp-content\/uploads\/2019\/11\/howtoreadyour_ereceipt_fr-2.pdf\">Comment lire votre re\u00e7u \u00e9lectronique<\/a><\/li>\n\n\n\n<li><a href=\"\/wp-content\/uploads\/2019\/11\/howtoreadyour_clientfile_fr-1.pdf\">Comment lire votre rapport de dossier client<\/a><\/li>\n<\/ul>\n\n\n\n<h3 class=\"wp-block-heading\" id=\"h-services-en-ligne\"><span style=\"color: #55565b;\">Services en ligne<\/span><\/h3>\n\n\n\n<ul class=\"wp-block-list\">\n<li><a href=\"https:\/\/landtitlesmb.zendesk.com\/hc\/fr-ca\/sections\/27667204305051-Premiers-pas-avec-Enregistrement-%C3%A9lectronique\" target=\"_blank\" rel=\"noreferrer noopener\">Enregistrement \u00e9lectronique \u2013 guide d\u2019utilisation <\/a><\/li>\n\n\n\n<li><a href=\"https:\/\/teranetmanitoba.ca\/wp-content\/uploads\/2023\/11\/eRegistration-of-Plans-Light-User-Guide-V1.01-FR.pdf\">Enregistrement \u00e9lectronique &#8211; guide d\u2019utilisation de plans (version r\u00e9duite)&nbsp;<\/a><\/li>\n\n\n\n<li><a href=\"\/wp-content\/uploads\/2021\/05\/system-requirements-fr.pdf\">Exigences du syst\u00e8me (tous les services en ligne)<\/a><\/li>\n\n\n\n<li><a href=\"\/wp-content\/uploads\/2019\/11\/sspr_quick_reference_guide_fr.pdf\">R\u00e9initialisation de mot de passe en libre-service &#8211; guide de r\u00e9f\u00e9rence rapide<\/a><\/li>\n\n\n\n<li><a href=\"https:\/\/landtitlesmb.zendesk.com\/hc\/fr-ca\/sections\/27676258248859-Premiers-pas-avec-Soumission-de-d%C3%A9p%C3%B4t-de-plan\" target=\"_blank\" rel=\"noreferrer noopener\">Soumission de d\u00e9p\u00f4t de plan \u2013 guide d\u2019utilisation<\/a><\/li>\n\n\n\n<li><a href=\"https:\/\/landtitlesmb.zendesk.com\/hc\/fr-ca\/sections\/27667245710747-Premiers-pas-avec-Titres-en-ligne\" target=\"_blank\" rel=\"noreferrer noopener\">Titres fonciers en ligne \u2013 guide d\u2019utilisation <\/a><\/li>\n\n\n\n<li><a href=\"\/wp-content\/uploads\/2020\/06\/titlecheckguide_fr-1.pdf\">V\u00e9rification de titre &#8211; guide de r\u00e9f\u00e9rence rapide<\/a><\/li>\n<\/ul>\n\n\n\n<h3 class=\"wp-block-heading\" id=\"h-formules-intelligentes\"><span style=\"color: #55565b;\">Formules intelligentes<\/span><\/h3>\n\n\n\n<ul class=\"wp-block-list\">\n<li><a href=\"\/wp-content\/uploads\/2019\/11\/eRDA_eSR_userguide_fr-1.pdf\">Demande d\u00e9taill\u00e9e d\u2019enregistrement: Guide d\u2019utilisation<\/a><\/li>\n\n\n\n<li><a href=\"\/wp-content\/uploads\/2019\/11\/eRDA_eSR_userguide_fr-1.pdf\">Demande de services: Guide d\u2019utilisation<\/a><\/li>\n\n\n\n<li><a href=\"\/wp-content\/uploads\/2021\/05\/system-requirements-fr.pdf\">Exigences syste\u0300me pour les formules intelligente<\/a><\/li>\n\n\n\n<li><a href=\"\/wp-content\/uploads\/2019\/11\/emortgageform_userguide_fr-2.pdf\">Hypoth\u00e8que: Guide d\u2019utilisation<\/a><\/li>\n\n\n\n<li><a href=\"\/wp-content\/uploads\/2019\/11\/edischargeform_userguide_fr-1.pdf\">Mainlev\u00e9e: Guide d\u2019utilisation<\/a><\/li>\n\n\n\n<li><a href=\"\/wp-content\/uploads\/2019\/11\/ecaveatform_userguide_fr-1.pdf\">Notification d\u2019opposition: Guide d\u2019utilisation<\/a><\/li>\n\n\n\n<li><a href=\"https:\/\/teranetmanitoba.ca\/wp-content\/uploads\/2024\/02\/eTransfer-Form-User-Guide-V3.02-FR.pdf\">Transfert: Guide d\u2019utilisation<\/a><\/li>\n<\/ul>\n<\/div>\n\n\n\n<div class=\"wp-block-column is-layout-flow wp-block-column-is-layout-flow\" style=\"flex-basis:450px\">\n<h3 class=\"wp-block-heading\" id=\"h-videos\">Vid\u00e9os<\/h3>\n\n\n\n<h4 class=\"wp-block-heading\" id=\"h-liste-de-lecture-demarrer-avec-d-enregistrement-electronique\">Liste de lecture : D\u00e9marrer avec d&rsquo;enregistrement \u00e9lectronique<\/h4>\n\n\n\n<figure class=\"wp-block-embed is-type-video is-provider-youtube wp-block-embed-youtube wp-embed-aspect-16-9 wp-has-aspect-ratio\"><div class=\"wp-block-embed__wrapper\">\n<div class='embed-container'><iframe title=\"Enregistrement \u00e9lectronique\" width=\"1920\" height=\"1080\" src=\"https:\/\/www.youtube.com\/embed\/videoseries?list=PLWMKEjA0Nv1sZfZVgx60wzpIHEvV-E0it\" frameborder=\"0\" allow=\"accelerometer; autoplay; clipboard-write; encrypted-media; gyroscope; picture-in-picture; web-share\" referrerpolicy=\"strict-origin-when-cross-origin\" allowfullscreen><\/iframe><\/div>\n<\/div><\/figure>\n\n\n\n<h4 class=\"wp-block-heading\" id=\"h-liste-de-lecture-demarrer-avec-les-titres-en-ligne\">Liste de lecture : D\u00e9marrer avec les titres en ligne<\/h4>\n\n\n\n<figure class=\"wp-block-embed is-type-video is-provider-youtube wp-block-embed-youtube wp-embed-aspect-16-9 wp-has-aspect-ratio\"><div class=\"wp-block-embed__wrapper\">\n<div class='embed-container'><iframe title=\"D\u00e9marrer avec les titres en ligne - Cr\u00e9ation d&#039;un fichier\" width=\"1920\" height=\"1080\" src=\"https:\/\/www.youtube.com\/embed\/mKsVeAiWWL8?list=PLWMKEjA0Nv1scn0R24zxMQEiuxwe5pcSH\" frameborder=\"0\" allow=\"accelerometer; autoplay; clipboard-write; encrypted-media; gyroscope; picture-in-picture; web-share\" referrerpolicy=\"strict-origin-when-cross-origin\" allowfullscreen><\/iframe><\/div>\n<\/div><\/figure>\n\n\n\n<h4 class=\"wp-block-heading\" id=\"h-liste-de-lecture-demarrer-avec-soumission-de-depot-de-plan\">Liste de lecture : D\u00e9marrer avec soumission de d\u00e9p\u00f4t de plan<\/h4>\n\n\n\n<figure class=\"wp-block-embed is-type-video is-provider-youtube wp-block-embed-youtube wp-embed-aspect-16-9 wp-has-aspect-ratio\"><div class=\"wp-block-embed__wrapper\">\n<div class='embed-container'><iframe title=\"Soumission de d\u00e9p\u00f4t de plan\" width=\"1920\" height=\"1080\" src=\"https:\/\/www.youtube.com\/embed\/videoseries?list=PLWMKEjA0Nv1vT3JmJ3cH0NmJWtDYJQtP3\" frameborder=\"0\" allow=\"accelerometer; autoplay; clipboard-write; encrypted-media; gyroscope; picture-in-picture; web-share\" referrerpolicy=\"strict-origin-when-cross-origin\" allowfullscreen><\/iframe><\/div>\n<\/div><\/figure>\n\n\n\n<h4 class=\"wp-block-heading\" id=\"h-liste-de-lecture-demarrer-avec-formules-intelligentes\">Liste de lecture : D\u00e9marrer avec formules intelligentes<\/h4>\n\n\n\n<figure class=\"wp-block-embed is-type-video is-provider-youtube wp-block-embed-youtube wp-embed-aspect-16-9 wp-has-aspect-ratio\"><div class=\"wp-block-embed__wrapper\">\n<div class='embed-container'><iframe title=\"Tutoriel de premi\u00e8re utilisation formules intelligentes (vue d&#039;ensemble et fonctions de s\u00e9curit\u00e9)\" width=\"1920\" height=\"1080\" src=\"https:\/\/www.youtube.com\/embed\/Eo9VQKjRcuU?list=PLWMKEjA0Nv1tVuGbChAUvX6Zg7A4qSIwu\" frameborder=\"0\" allow=\"accelerometer; autoplay; clipboard-write; encrypted-media; gyroscope; picture-in-picture; web-share\" referrerpolicy=\"strict-origin-when-cross-origin\" allowfullscreen><\/iframe><\/div>\n<\/div><\/figure>\n<\/div>\n<\/div>\n","protected":false},"excerpt":{"rendered":"<p>Guides Services en ligne Formules intelligentes Vid\u00e9os Liste de lecture : D\u00e9marrer avec d&rsquo;enregistrement \u00e9lectronique Liste de lecture : D\u00e9marrer avec les titres en ligne Liste de lecture : D\u00e9marrer avec soumission de d\u00e9p\u00f4t de plan Liste de lecture : D\u00e9marrer avec formules intelligentes<\/p>\n","protected":false},"author":1,"featured_media":2749,"parent":2106,"menu_order":0,"comment_status":"closed","ping_status":"closed","template":"","meta":{"_acf_changed":false,"footnotes":""},"class_list":["post-12415","page","type-page","status-publish","has-post-thumbnail","hentry"],"acf":[],"yoast_head":"<!-- This site is optimized with the Yoast SEO Premium plugin v27.3 (Yoast SEO v27.3) - https:\/\/yoast.com\/product\/yoast-seo-premium-wordpress\/ -->\n<title>Ressources de formation en titres fonciers - Teranet Manitoba<\/title>\n<meta name=\"robots\" content=\"index, follow, max-snippet:-1, max-image-preview:large, max-video-preview:-1\" \/>\n<link rel=\"canonical\" href=\"https:\/\/www.teranetmanitoba.ca\/fr\/titres-fonciers\/ressources-de-formation-en-titres-fonciers\/\" \/>\n<meta property=\"og:locale\" content=\"fr_FR\" \/>\n<meta property=\"og:type\" content=\"article\" \/>\n<meta property=\"og:title\" content=\"Ressources de formation en titres fonciers\" \/>\n<meta property=\"og:description\" content=\"Guides Services en ligne Formules intelligentes Vid\u00e9os Liste de lecture : D\u00e9marrer avec d&rsquo;enregistrement \u00e9lectronique Liste de lecture : D\u00e9marrer avec les titres en ligne Liste de lecture : D\u00e9marrer avec soumission de d\u00e9p\u00f4t de plan Liste de lecture : D\u00e9marrer avec formules intelligentes\" \/>\n<meta property=\"og:url\" content=\"https:\/\/www.teranetmanitoba.ca\/fr\/titres-fonciers\/ressources-de-formation-en-titres-fonciers\/\" \/>\n<meta property=\"og:site_name\" content=\"Teranet Manitoba\" \/>\n<meta property=\"article:modified_time\" content=\"2026-02-17T16:20:59+00:00\" \/>\n<meta property=\"og:image\" content=\"https:\/\/www.teranetmanitoba.ca\/wp-content\/uploads\/2019\/11\/aboutussection.jpg\" \/>\n\t<meta property=\"og:image:width\" content=\"1766\" \/>\n\t<meta property=\"og:image:height\" content=\"1179\" \/>\n\t<meta property=\"og:image:type\" content=\"image\/jpeg\" \/>\n<meta name=\"twitter:card\" content=\"summary_large_image\" \/>\n<script type=\"application\/ld+json\" class=\"yoast-schema-graph\">{\"@context\":\"https:\\\/\\\/schema.org\",\"@graph\":[{\"@type\":\"WebPage\",\"@id\":\"https:\\\/\\\/www.teranetmanitoba.ca\\\/fr\\\/titres-fonciers\\\/ressources-de-formation-en-titres-fonciers\\\/\",\"url\":\"https:\\\/\\\/www.teranetmanitoba.ca\\\/fr\\\/titres-fonciers\\\/ressources-de-formation-en-titres-fonciers\\\/\",\"name\":\"Ressources de formation en titres fonciers - Teranet Manitoba\",\"isPartOf\":{\"@id\":\"https:\\\/\\\/teranetmanitoba.ca\\\/fr\\\/#website\"},\"primaryImageOfPage\":{\"@id\":\"https:\\\/\\\/www.teranetmanitoba.ca\\\/fr\\\/titres-fonciers\\\/ressources-de-formation-en-titres-fonciers\\\/#primaryimage\"},\"image\":{\"@id\":\"https:\\\/\\\/www.teranetmanitoba.ca\\\/fr\\\/titres-fonciers\\\/ressources-de-formation-en-titres-fonciers\\\/#primaryimage\"},\"thumbnailUrl\":\"https:\\\/\\\/teranetmanitoba.ca\\\/wp-content\\\/uploads\\\/2019\\\/11\\\/aboutussection.jpg\",\"datePublished\":\"2025-01-23T13:31:53+00:00\",\"dateModified\":\"2026-02-17T16:20:59+00:00\",\"breadcrumb\":{\"@id\":\"https:\\\/\\\/www.teranetmanitoba.ca\\\/fr\\\/titres-fonciers\\\/ressources-de-formation-en-titres-fonciers\\\/#breadcrumb\"},\"inLanguage\":\"fr-FR\",\"potentialAction\":[{\"@type\":\"ReadAction\",\"target\":[\"https:\\\/\\\/www.teranetmanitoba.ca\\\/fr\\\/titres-fonciers\\\/ressources-de-formation-en-titres-fonciers\\\/\"]}]},{\"@type\":\"ImageObject\",\"inLanguage\":\"fr-FR\",\"@id\":\"https:\\\/\\\/www.teranetmanitoba.ca\\\/fr\\\/titres-fonciers\\\/ressources-de-formation-en-titres-fonciers\\\/#primaryimage\",\"url\":\"https:\\\/\\\/teranetmanitoba.ca\\\/wp-content\\\/uploads\\\/2019\\\/11\\\/aboutussection.jpg\",\"contentUrl\":\"https:\\\/\\\/teranetmanitoba.ca\\\/wp-content\\\/uploads\\\/2019\\\/11\\\/aboutussection.jpg\",\"width\":1766,\"height\":1179,\"caption\":\"Rearview shot of a young woman working in a call centre\"},{\"@type\":\"BreadcrumbList\",\"@id\":\"https:\\\/\\\/www.teranetmanitoba.ca\\\/fr\\\/titres-fonciers\\\/ressources-de-formation-en-titres-fonciers\\\/#breadcrumb\",\"itemListElement\":[{\"@type\":\"ListItem\",\"position\":1,\"name\":\"Home\",\"item\":\"https:\\\/\\\/teranetmanitoba.ca\\\/fr\\\/\"},{\"@type\":\"ListItem\",\"position\":2,\"name\":\"Titres fonciers\",\"item\":\"https:\\\/\\\/teranetmanitoba.ca\\\/fr\\\/titres-fonciers\\\/\"},{\"@type\":\"ListItem\",\"position\":3,\"name\":\"Ressources de formation en titres fonciers\"}]},{\"@type\":\"WebSite\",\"@id\":\"https:\\\/\\\/teranetmanitoba.ca\\\/fr\\\/#website\",\"url\":\"https:\\\/\\\/teranetmanitoba.ca\\\/fr\\\/\",\"name\":\"Teranet Manitoba\",\"description\":\"\",\"publisher\":{\"@id\":\"https:\\\/\\\/teranetmanitoba.ca\\\/fr\\\/#organization\"},\"potentialAction\":[{\"@type\":\"SearchAction\",\"target\":{\"@type\":\"EntryPoint\",\"urlTemplate\":\"https:\\\/\\\/teranetmanitoba.ca\\\/fr\\\/?s={search_term_string}\"},\"query-input\":{\"@type\":\"PropertyValueSpecification\",\"valueRequired\":true,\"valueName\":\"search_term_string\"}}],\"inLanguage\":\"fr-FR\"},{\"@type\":\"Organization\",\"@id\":\"https:\\\/\\\/teranetmanitoba.ca\\\/fr\\\/#organization\",\"name\":\"Teranet Manitoba\",\"url\":\"https:\\\/\\\/teranetmanitoba.ca\\\/fr\\\/\",\"logo\":{\"@type\":\"ImageObject\",\"inLanguage\":\"fr-FR\",\"@id\":\"https:\\\/\\\/teranetmanitoba.ca\\\/fr\\\/#\\\/schema\\\/logo\\\/image\\\/\",\"url\":\"https:\\\/\\\/teranetmanitoba.ca\\\/wp-content\\\/uploads\\\/2024\\\/01\\\/TMB-RGB-horz-EN.png\",\"contentUrl\":\"https:\\\/\\\/teranetmanitoba.ca\\\/wp-content\\\/uploads\\\/2024\\\/01\\\/TMB-RGB-horz-EN.png\",\"width\":2768,\"height\":564,\"caption\":\"Teranet Manitoba\"},\"image\":{\"@id\":\"https:\\\/\\\/teranetmanitoba.ca\\\/fr\\\/#\\\/schema\\\/logo\\\/image\\\/\"},\"sameAs\":[\"https:\\\/\\\/www.linkedin.com\\\/company\\\/teranet-manitoba\\\/\",\"https:\\\/\\\/www.youtube.com\\\/@teranetmanitoba\"]}]}<\/script>\n<!-- \/ Yoast SEO Premium plugin. -->","yoast_head_json":{"title":"Ressources de formation en titres fonciers - Teranet Manitoba","robots":{"index":"index","follow":"follow","max-snippet":"max-snippet:-1","max-image-preview":"max-image-preview:large","max-video-preview":"max-video-preview:-1"},"canonical":"https:\/\/www.teranetmanitoba.ca\/fr\/titres-fonciers\/ressources-de-formation-en-titres-fonciers\/","og_locale":"fr_FR","og_type":"article","og_title":"Ressources de formation en titres fonciers","og_description":"Guides Services en ligne Formules intelligentes Vid\u00e9os Liste de lecture : D\u00e9marrer avec d&rsquo;enregistrement \u00e9lectronique Liste de lecture : D\u00e9marrer avec les titres en ligne Liste de lecture : D\u00e9marrer avec soumission de d\u00e9p\u00f4t de plan Liste de lecture : D\u00e9marrer avec formules intelligentes","og_url":"https:\/\/www.teranetmanitoba.ca\/fr\/titres-fonciers\/ressources-de-formation-en-titres-fonciers\/","og_site_name":"Teranet Manitoba","article_modified_time":"2026-02-17T16:20:59+00:00","og_image":[{"width":1766,"height":1179,"url":"https:\/\/www.teranetmanitoba.ca\/wp-content\/uploads\/2019\/11\/aboutussection.jpg","type":"image\/jpeg"}],"twitter_card":"summary_large_image","schema":{"@context":"https:\/\/schema.org","@graph":[{"@type":"WebPage","@id":"https:\/\/www.teranetmanitoba.ca\/fr\/titres-fonciers\/ressources-de-formation-en-titres-fonciers\/","url":"https:\/\/www.teranetmanitoba.ca\/fr\/titres-fonciers\/ressources-de-formation-en-titres-fonciers\/","name":"Ressources de formation en titres fonciers - Teranet Manitoba","isPartOf":{"@id":"https:\/\/teranetmanitoba.ca\/fr\/#website"},"primaryImageOfPage":{"@id":"https:\/\/www.teranetmanitoba.ca\/fr\/titres-fonciers\/ressources-de-formation-en-titres-fonciers\/#primaryimage"},"image":{"@id":"https:\/\/www.teranetmanitoba.ca\/fr\/titres-fonciers\/ressources-de-formation-en-titres-fonciers\/#primaryimage"},"thumbnailUrl":"https:\/\/teranetmanitoba.ca\/wp-content\/uploads\/2019\/11\/aboutussection.jpg","datePublished":"2025-01-23T13:31:53+00:00","dateModified":"2026-02-17T16:20:59+00:00","breadcrumb":{"@id":"https:\/\/www.teranetmanitoba.ca\/fr\/titres-fonciers\/ressources-de-formation-en-titres-fonciers\/#breadcrumb"},"inLanguage":"fr-FR","potentialAction":[{"@type":"ReadAction","target":["https:\/\/www.teranetmanitoba.ca\/fr\/titres-fonciers\/ressources-de-formation-en-titres-fonciers\/"]}]},{"@type":"ImageObject","inLanguage":"fr-FR","@id":"https:\/\/www.teranetmanitoba.ca\/fr\/titres-fonciers\/ressources-de-formation-en-titres-fonciers\/#primaryimage","url":"https:\/\/teranetmanitoba.ca\/wp-content\/uploads\/2019\/11\/aboutussection.jpg","contentUrl":"https:\/\/teranetmanitoba.ca\/wp-content\/uploads\/2019\/11\/aboutussection.jpg","width":1766,"height":1179,"caption":"Rearview shot of a young woman working in a call centre"},{"@type":"BreadcrumbList","@id":"https:\/\/www.teranetmanitoba.ca\/fr\/titres-fonciers\/ressources-de-formation-en-titres-fonciers\/#breadcrumb","itemListElement":[{"@type":"ListItem","position":1,"name":"Home","item":"https:\/\/teranetmanitoba.ca\/fr\/"},{"@type":"ListItem","position":2,"name":"Titres fonciers","item":"https:\/\/teranetmanitoba.ca\/fr\/titres-fonciers\/"},{"@type":"ListItem","position":3,"name":"Ressources de formation en titres fonciers"}]},{"@type":"WebSite","@id":"https:\/\/teranetmanitoba.ca\/fr\/#website","url":"https:\/\/teranetmanitoba.ca\/fr\/","name":"Teranet Manitoba","description":"","publisher":{"@id":"https:\/\/teranetmanitoba.ca\/fr\/#organization"},"potentialAction":[{"@type":"SearchAction","target":{"@type":"EntryPoint","urlTemplate":"https:\/\/teranetmanitoba.ca\/fr\/?s={search_term_string}"},"query-input":{"@type":"PropertyValueSpecification","valueRequired":true,"valueName":"search_term_string"}}],"inLanguage":"fr-FR"},{"@type":"Organization","@id":"https:\/\/teranetmanitoba.ca\/fr\/#organization","name":"Teranet Manitoba","url":"https:\/\/teranetmanitoba.ca\/fr\/","logo":{"@type":"ImageObject","inLanguage":"fr-FR","@id":"https:\/\/teranetmanitoba.ca\/fr\/#\/schema\/logo\/image\/","url":"https:\/\/teranetmanitoba.ca\/wp-content\/uploads\/2024\/01\/TMB-RGB-horz-EN.png","contentUrl":"https:\/\/teranetmanitoba.ca\/wp-content\/uploads\/2024\/01\/TMB-RGB-horz-EN.png","width":2768,"height":564,"caption":"Teranet Manitoba"},"image":{"@id":"https:\/\/teranetmanitoba.ca\/fr\/#\/schema\/logo\/image\/"},"sameAs":["https:\/\/www.linkedin.com\/company\/teranet-manitoba\/","https:\/\/www.youtube.com\/@teranetmanitoba"]}]}},"_links":{"self":[{"href":"https:\/\/teranetmanitoba.ca\/fr\/wp-json\/wp\/v2\/pages\/12415","targetHints":{"allow":["GET"]}}],"collection":[{"href":"https:\/\/teranetmanitoba.ca\/fr\/wp-json\/wp\/v2\/pages"}],"about":[{"href":"https:\/\/teranetmanitoba.ca\/fr\/wp-json\/wp\/v2\/types\/page"}],"author":[{"embeddable":true,"href":"https:\/\/teranetmanitoba.ca\/fr\/wp-json\/wp\/v2\/users\/1"}],"replies":[{"embeddable":true,"href":"https:\/\/teranetmanitoba.ca\/fr\/wp-json\/wp\/v2\/comments?post=12415"}],"version-history":[{"count":18,"href":"https:\/\/teranetmanitoba.ca\/fr\/wp-json\/wp\/v2\/pages\/12415\/revisions"}],"predecessor-version":[{"id":13902,"href":"https:\/\/teranetmanitoba.ca\/fr\/wp-json\/wp\/v2\/pages\/12415\/revisions\/13902"}],"up":[{"embeddable":true,"href":"https:\/\/teranetmanitoba.ca\/fr\/wp-json\/wp\/v2\/pages\/2106"}],"wp:featuredmedia":[{"embeddable":true,"href":"https:\/\/teranetmanitoba.ca\/fr\/wp-json\/wp\/v2\/media\/2749"}],"wp:attachment":[{"href":"https:\/\/teranetmanitoba.ca\/fr\/wp-json\/wp\/v2\/media?parent=12415"}],"curies":[{"name":"wp","href":"https:\/\/api.w.org\/{rel}","templated":true}]}}