{"id":2106,"date":"2019-08-26T23:26:35","date_gmt":"2019-08-26T23:26:35","guid":{"rendered":"https:\/\/teranetmanitoba.ca\/land-titles-and-surveys\/"},"modified":"2024-09-23T13:13:42","modified_gmt":"2024-09-23T18:13:42","slug":"titres-fonciers","status":"publish","type":"page","link":"https:\/\/teranetmanitoba.ca\/fr\/titres-fonciers\/","title":{"rendered":"Titres fonciers"},"content":{"rendered":"<p><span style=\"color: #55565b;\">Teranet Manitoba LP administre les syst\u00e8mes provinciaux de propri\u00e9t\u00e9 fonci\u00e8re au nom de la Province du Manitoba, conform\u00e9ment \u00e0 la<em> Loi sur les biens r\u00e9els<\/em>, \u00e0 la <em>Loi sur l\u2019enregistrement foncier<\/em> et \u00e0 d\u2019autres lois connexes. Nous conservons \u00e9galement les descriptions l\u00e9gales \u00e9crites et dessin\u00e9es (le canevas d\u2019arpentage) de tous les biens-fonds au Manitoba.<\/span><\/p>\n<p><span style=\"color: #55565b;\">Les bureaux des titres fonciers acceptent et enregistrent les documents qui transf\u00e8rent et visent des int\u00e9r\u00eats \u00e0 l\u2019\u00e9gard de biens-fonds, tels que les hypoth\u00e8ques, les privil\u00e8ges et les mainlev\u00e9es. Les bureaux sont situ\u00e9s \u00e0\u00a0Winnipeg, Brandon, Dauphin, Morden, Neepawa, et Portage la Prairie.<\/span><\/p>\n","protected":false},"excerpt":{"rendered":"<p>Teranet Manitoba LP administre les syst\u00e8mes provinciaux de propri\u00e9t\u00e9 fonci\u00e8re au nom de la Province du Manitoba, conform\u00e9ment \u00e0 la Loi sur les biens r\u00e9els, \u00e0 la Loi sur l\u2019enregistrement foncier et \u00e0 d\u2019autres lois connexes. Nous conservons \u00e9galement les descriptions l\u00e9gales \u00e9crites et dessin\u00e9es (le canevas d\u2019arpentage) de tous les biens-fonds au Manitoba. Les&hellip; <br \/> <a class=\"read-more btn btn-green-2\" href=\"https:\/\/teranetmanitoba.ca\/fr\/titres-fonciers\/\">Lire la suite<\/a><\/p>\n","protected":false},"author":2,"featured_media":2751,"parent":0,"menu_order":0,"comment_status":"closed","ping_status":"closed","template":"","meta":{"_acf_changed":false,"footnotes":""},"class_list":["post-2106","page","type-page","status-publish","has-post-thumbnail","hentry"],"acf":[],"yoast_head":"<!-- This site is optimized with the Yoast SEO Premium plugin v27.3 (Yoast SEO v27.3) - https:\/\/yoast.com\/product\/yoast-seo-premium-wordpress\/ -->\n<title>Titres fonciers - Teranet Manitoba<\/title>\n<meta name=\"robots\" content=\"index, follow, max-snippet:-1, max-image-preview:large, max-video-preview:-1\" \/>\n<link rel=\"canonical\" href=\"https:\/\/teranetmanitoba.ca\/fr\/titres-fonciers\/\" \/>\n<meta property=\"og:locale\" content=\"fr_FR\" \/>\n<meta property=\"og:type\" content=\"article\" \/>\n<meta property=\"og:title\" content=\"Titres fonciers\" \/>\n<meta property=\"og:description\" content=\"Teranet Manitoba LP administre les syst\u00e8mes provinciaux de propri\u00e9t\u00e9 fonci\u00e8re au nom de la Province du Manitoba, conform\u00e9ment \u00e0 la Loi sur les biens r\u00e9els, \u00e0 la Loi sur l\u2019enregistrement foncier et \u00e0 d\u2019autres lois connexes. Nous conservons \u00e9galement les descriptions l\u00e9gales \u00e9crites et dessin\u00e9es (le canevas d\u2019arpentage) de tous les biens-fonds au Manitoba. Les&hellip; Lire la suite\" \/>\n<meta property=\"og:url\" content=\"https:\/\/teranetmanitoba.ca\/fr\/titres-fonciers\/\" \/>\n<meta property=\"og:site_name\" content=\"Teranet Manitoba\" \/>\n<meta property=\"article:modified_time\" content=\"2024-09-23T18:13:42+00:00\" \/>\n<meta property=\"og:image\" content=\"https:\/\/teranetmanitoba.ca\/wp-content\/uploads\/2019\/11\/landtitlessection.jpg\" \/>\n\t<meta property=\"og:image:width\" content=\"977\" \/>\n\t<meta property=\"og:image:height\" content=\"651\" \/>\n\t<meta property=\"og:image:type\" content=\"image\/jpeg\" \/>\n<meta name=\"twitter:card\" content=\"summary_large_image\" \/>\n<script type=\"application\/ld+json\" class=\"yoast-schema-graph\">{\"@context\":\"https:\\\/\\\/schema.org\",\"@graph\":[{\"@type\":\"WebPage\",\"@id\":\"https:\\\/\\\/teranetmanitoba.ca\\\/fr\\\/titres-fonciers\\\/\",\"url\":\"https:\\\/\\\/teranetmanitoba.ca\\\/fr\\\/titres-fonciers\\\/\",\"name\":\"Titres fonciers - Teranet Manitoba\",\"isPartOf\":{\"@id\":\"https:\\\/\\\/teranetmanitoba.ca\\\/fr\\\/#website\"},\"primaryImageOfPage\":{\"@id\":\"https:\\\/\\\/teranetmanitoba.ca\\\/fr\\\/titres-fonciers\\\/#primaryimage\"},\"image\":{\"@id\":\"https:\\\/\\\/teranetmanitoba.ca\\\/fr\\\/titres-fonciers\\\/#primaryimage\"},\"thumbnailUrl\":\"https:\\\/\\\/teranetmanitoba.ca\\\/wp-content\\\/uploads\\\/2019\\\/11\\\/landtitlessection.jpg\",\"datePublished\":\"2019-08-26T23:26:35+00:00\",\"dateModified\":\"2024-09-23T18:13:42+00:00\",\"breadcrumb\":{\"@id\":\"https:\\\/\\\/teranetmanitoba.ca\\\/fr\\\/titres-fonciers\\\/#breadcrumb\"},\"inLanguage\":\"fr-FR\",\"potentialAction\":[{\"@type\":\"ReadAction\",\"target\":[\"https:\\\/\\\/teranetmanitoba.ca\\\/fr\\\/titres-fonciers\\\/\"]}]},{\"@type\":\"ImageObject\",\"inLanguage\":\"fr-FR\",\"@id\":\"https:\\\/\\\/teranetmanitoba.ca\\\/fr\\\/titres-fonciers\\\/#primaryimage\",\"url\":\"https:\\\/\\\/teranetmanitoba.ca\\\/wp-content\\\/uploads\\\/2019\\\/11\\\/landtitlessection.jpg\",\"contentUrl\":\"https:\\\/\\\/teranetmanitoba.ca\\\/wp-content\\\/uploads\\\/2019\\\/11\\\/landtitlessection.jpg\",\"width\":977,\"height\":651,\"caption\":\"real estate investment concept, property value diagram on touchscreen, buy a house\"},{\"@type\":\"BreadcrumbList\",\"@id\":\"https:\\\/\\\/teranetmanitoba.ca\\\/fr\\\/titres-fonciers\\\/#breadcrumb\",\"itemListElement\":[{\"@type\":\"ListItem\",\"position\":1,\"name\":\"Home\",\"item\":\"https:\\\/\\\/teranetmanitoba.ca\\\/fr\\\/\"},{\"@type\":\"ListItem\",\"position\":2,\"name\":\"Titres fonciers\"}]},{\"@type\":\"WebSite\",\"@id\":\"https:\\\/\\\/teranetmanitoba.ca\\\/fr\\\/#website\",\"url\":\"https:\\\/\\\/teranetmanitoba.ca\\\/fr\\\/\",\"name\":\"Teranet Manitoba\",\"description\":\"\",\"publisher\":{\"@id\":\"https:\\\/\\\/teranetmanitoba.ca\\\/fr\\\/#organization\"},\"potentialAction\":[{\"@type\":\"SearchAction\",\"target\":{\"@type\":\"EntryPoint\",\"urlTemplate\":\"https:\\\/\\\/teranetmanitoba.ca\\\/fr\\\/?s={search_term_string}\"},\"query-input\":{\"@type\":\"PropertyValueSpecification\",\"valueRequired\":true,\"valueName\":\"search_term_string\"}}],\"inLanguage\":\"fr-FR\"},{\"@type\":\"Organization\",\"@id\":\"https:\\\/\\\/teranetmanitoba.ca\\\/fr\\\/#organization\",\"name\":\"Teranet Manitoba\",\"url\":\"https:\\\/\\\/teranetmanitoba.ca\\\/fr\\\/\",\"logo\":{\"@type\":\"ImageObject\",\"inLanguage\":\"fr-FR\",\"@id\":\"https:\\\/\\\/teranetmanitoba.ca\\\/fr\\\/#\\\/schema\\\/logo\\\/image\\\/\",\"url\":\"https:\\\/\\\/teranetmanitoba.ca\\\/wp-content\\\/uploads\\\/2024\\\/01\\\/TMB-RGB-horz-EN.png\",\"contentUrl\":\"https:\\\/\\\/teranetmanitoba.ca\\\/wp-content\\\/uploads\\\/2024\\\/01\\\/TMB-RGB-horz-EN.png\",\"width\":2768,\"height\":564,\"caption\":\"Teranet Manitoba\"},\"image\":{\"@id\":\"https:\\\/\\\/teranetmanitoba.ca\\\/fr\\\/#\\\/schema\\\/logo\\\/image\\\/\"},\"sameAs\":[\"https:\\\/\\\/www.linkedin.com\\\/company\\\/teranet-manitoba\\\/\",\"https:\\\/\\\/www.youtube.com\\\/@teranetmanitoba\"]}]}<\/script>\n<!-- \/ Yoast SEO Premium plugin. -->","yoast_head_json":{"title":"Titres fonciers - Teranet Manitoba","robots":{"index":"index","follow":"follow","max-snippet":"max-snippet:-1","max-image-preview":"max-image-preview:large","max-video-preview":"max-video-preview:-1"},"canonical":"https:\/\/teranetmanitoba.ca\/fr\/titres-fonciers\/","og_locale":"fr_FR","og_type":"article","og_title":"Titres fonciers","og_description":"Teranet Manitoba LP administre les syst\u00e8mes provinciaux de propri\u00e9t\u00e9 fonci\u00e8re au nom de la Province du Manitoba, conform\u00e9ment \u00e0 la Loi sur les biens r\u00e9els, \u00e0 la Loi sur l\u2019enregistrement foncier et \u00e0 d\u2019autres lois connexes. Nous conservons \u00e9galement les descriptions l\u00e9gales \u00e9crites et dessin\u00e9es (le canevas d\u2019arpentage) de tous les biens-fonds au Manitoba. Les&hellip; Lire la suite","og_url":"https:\/\/teranetmanitoba.ca\/fr\/titres-fonciers\/","og_site_name":"Teranet Manitoba","article_modified_time":"2024-09-23T18:13:42+00:00","og_image":[{"width":977,"height":651,"url":"https:\/\/teranetmanitoba.ca\/wp-content\/uploads\/2019\/11\/landtitlessection.jpg","type":"image\/jpeg"}],"twitter_card":"summary_large_image","schema":{"@context":"https:\/\/schema.org","@graph":[{"@type":"WebPage","@id":"https:\/\/teranetmanitoba.ca\/fr\/titres-fonciers\/","url":"https:\/\/teranetmanitoba.ca\/fr\/titres-fonciers\/","name":"Titres fonciers - Teranet Manitoba","isPartOf":{"@id":"https:\/\/teranetmanitoba.ca\/fr\/#website"},"primaryImageOfPage":{"@id":"https:\/\/teranetmanitoba.ca\/fr\/titres-fonciers\/#primaryimage"},"image":{"@id":"https:\/\/teranetmanitoba.ca\/fr\/titres-fonciers\/#primaryimage"},"thumbnailUrl":"https:\/\/teranetmanitoba.ca\/wp-content\/uploads\/2019\/11\/landtitlessection.jpg","datePublished":"2019-08-26T23:26:35+00:00","dateModified":"2024-09-23T18:13:42+00:00","breadcrumb":{"@id":"https:\/\/teranetmanitoba.ca\/fr\/titres-fonciers\/#breadcrumb"},"inLanguage":"fr-FR","potentialAction":[{"@type":"ReadAction","target":["https:\/\/teranetmanitoba.ca\/fr\/titres-fonciers\/"]}]},{"@type":"ImageObject","inLanguage":"fr-FR","@id":"https:\/\/teranetmanitoba.ca\/fr\/titres-fonciers\/#primaryimage","url":"https:\/\/teranetmanitoba.ca\/wp-content\/uploads\/2019\/11\/landtitlessection.jpg","contentUrl":"https:\/\/teranetmanitoba.ca\/wp-content\/uploads\/2019\/11\/landtitlessection.jpg","width":977,"height":651,"caption":"real estate investment concept, property value diagram on touchscreen, buy a house"},{"@type":"BreadcrumbList","@id":"https:\/\/teranetmanitoba.ca\/fr\/titres-fonciers\/#breadcrumb","itemListElement":[{"@type":"ListItem","position":1,"name":"Home","item":"https:\/\/teranetmanitoba.ca\/fr\/"},{"@type":"ListItem","position":2,"name":"Titres fonciers"}]},{"@type":"WebSite","@id":"https:\/\/teranetmanitoba.ca\/fr\/#website","url":"https:\/\/teranetmanitoba.ca\/fr\/","name":"Teranet Manitoba","description":"","publisher":{"@id":"https:\/\/teranetmanitoba.ca\/fr\/#organization"},"potentialAction":[{"@type":"SearchAction","target":{"@type":"EntryPoint","urlTemplate":"https:\/\/teranetmanitoba.ca\/fr\/?s={search_term_string}"},"query-input":{"@type":"PropertyValueSpecification","valueRequired":true,"valueName":"search_term_string"}}],"inLanguage":"fr-FR"},{"@type":"Organization","@id":"https:\/\/teranetmanitoba.ca\/fr\/#organization","name":"Teranet Manitoba","url":"https:\/\/teranetmanitoba.ca\/fr\/","logo":{"@type":"ImageObject","inLanguage":"fr-FR","@id":"https:\/\/teranetmanitoba.ca\/fr\/#\/schema\/logo\/image\/","url":"https:\/\/teranetmanitoba.ca\/wp-content\/uploads\/2024\/01\/TMB-RGB-horz-EN.png","contentUrl":"https:\/\/teranetmanitoba.ca\/wp-content\/uploads\/2024\/01\/TMB-RGB-horz-EN.png","width":2768,"height":564,"caption":"Teranet Manitoba"},"image":{"@id":"https:\/\/teranetmanitoba.ca\/fr\/#\/schema\/logo\/image\/"},"sameAs":["https:\/\/www.linkedin.com\/company\/teranet-manitoba\/","https:\/\/www.youtube.com\/@teranetmanitoba"]}]}},"_links":{"self":[{"href":"https:\/\/teranetmanitoba.ca\/fr\/wp-json\/wp\/v2\/pages\/2106","targetHints":{"allow":["GET"]}}],"collection":[{"href":"https:\/\/teranetmanitoba.ca\/fr\/wp-json\/wp\/v2\/pages"}],"about":[{"href":"https:\/\/teranetmanitoba.ca\/fr\/wp-json\/wp\/v2\/types\/page"}],"author":[{"embeddable":true,"href":"https:\/\/teranetmanitoba.ca\/fr\/wp-json\/wp\/v2\/users\/2"}],"replies":[{"embeddable":true,"href":"https:\/\/teranetmanitoba.ca\/fr\/wp-json\/wp\/v2\/comments?post=2106"}],"version-history":[{"count":45,"href":"https:\/\/teranetmanitoba.ca\/fr\/wp-json\/wp\/v2\/pages\/2106\/revisions"}],"predecessor-version":[{"id":11986,"href":"https:\/\/teranetmanitoba.ca\/fr\/wp-json\/wp\/v2\/pages\/2106\/revisions\/11986"}],"wp:featuredmedia":[{"embeddable":true,"href":"https:\/\/teranetmanitoba.ca\/fr\/wp-json\/wp\/v2\/media\/2751"}],"wp:attachment":[{"href":"https:\/\/teranetmanitoba.ca\/fr\/wp-json\/wp\/v2\/media?parent=2106"}],"curies":[{"name":"wp","href":"https:\/\/api.w.org\/{rel}","templated":true}]}}