{"id":2169,"date":"2019-09-09T22:18:08","date_gmt":"2019-09-09T22:18:08","guid":{"rendered":"https:\/\/teranetmanitoba.ca\/personal-property\/personal-property-registry-forms\/"},"modified":"2023-06-16T08:47:31","modified_gmt":"2023-06-16T13:47:31","slug":"formules-du-bureau-denregistrement-relatif-aux-biens-personnels","status":"publish","type":"page","link":"https:\/\/teranetmanitoba.ca\/fr\/bureau-denregistrement-relative-aux-biens-personnels\/formules-du-bureau-denregistrement-relatif-aux-biens-personnels\/","title":{"rendered":"Formules du Bureau d&rsquo;enregistrement relatif aux biens personnels"},"content":{"rendered":"<p><span style=\"color: #55565b;\">Le R\u00e8glement sur le Bureau d&rsquo;enregistrement relatif aux biens personnels et la Loi sur les s\u00fbret\u00e9s relatives aux biens personnels doivent servir de guide \u00e0 la personne qui remplit les formules. La responsabilit\u00e9 du respect de la Loi et du r\u00e8glement incombe \u00e0 la partie qui d\u00e9pose l&rsquo;enregistrement.<\/span><\/p>\n<p><span style=\"color: #55565b;\">\n<table id=\"tablepress-14\" class=\"tablepress tablepress-id-14\">\n<thead>\n<tr class=\"row-1\">\n\t<th class=\"column-1\">Forme<\/th><th class=\"column-2\">Utilisation<\/th>\n<\/tr>\n<\/thead>\n<tbody class=\"row-striping row-hover\">\n<tr class=\"row-2\">\n\t<td class=\"column-1\"><a href=\"https:\/\/teranetmanitoba.ca\/wp-content\/uploads\/2022\/12\/ClientApplication_FR.pdf\">La formule de demande des clients<\/a><br \/>\n<\/td><td class=\"column-2\"> Utilisez cette formule pour demander des identificateurs d\u2019utilisateur ou un compte de d\u00e9p\u00f4t.<\/td>\n<\/tr>\n<tr class=\"row-3\">\n\t<td class=\"column-1\"><a href=\"https:\/\/teranetmanitoba.ca\/wp-content\/uploads\/2019\/09\/form_ppra1_fillable.pdf\">Formules A1 - \u00c9tat de financement<\/a><\/td><td class=\"column-2\">Enregistrement d'un nouvel \u00e9tat de financement conform\u00e9ment \u00e0 :<br \/>\n la Loi sur les s\u00fbret\u00e9s relatives aux biens personnels; la Loi sur les garagistes.<\/td>\n<\/tr>\n<tr class=\"row-4\">\n\t<td class=\"column-1\"><a href=\"https:\/\/teranetmanitoba.ca\/wp-content\/uploads\/2019\/09\/form_ppra2_-fillable.pdf\">Formules A2 - \u00c9tat de financement<\/a><\/td><td class=\"column-2\">Enregistrement d'un nouvel \u00e9tat de financement conform\u00e9ment \u00e0 :<br \/>\n la Loi sur les s\u00fbret\u00e9s relatives aux biens personnels; la Loi sur les garagistes.<\/td>\n<\/tr>\n<tr class=\"row-5\">\n\t<td class=\"column-1\"><a href=\"https:\/\/teranetmanitoba.ca\/wp-content\/uploads\/2019\/09\/form_ppr_c1_fillable.pdf\">Formules C1 - Modification d'un \u00e9tat de financement<\/a><\/td><td class=\"column-2\">Enregistrement d'un changement apport\u00e9 \u00e0 un enregistrement d\u00e9pos\u00e9 aupr\u00e8s du Bureau d'enregistrement.<\/td>\n<\/tr>\n<tr class=\"row-6\">\n\t<td class=\"column-1\"><a href=\"https:\/\/teranetmanitoba.ca\/wp-content\/uploads\/2019\/09\/form_ppr_c2_fillable.pdf\">nregistrement d'un changement apport\u00e9 \u00e0 un enregistrement d\u00e9pos\u00e9 aupr\u00e8s du Bureau d'enregistrement.<\/a><\/td><td class=\"column-2\">Enregistrement d'un changement apport\u00e9 \u00e0 un enregistrement d\u00e9pos\u00e9 aupr\u00e8s du Bureau d'enregistrement.<\/td>\n<\/tr>\n<tr class=\"row-7\">\n\t<td class=\"column-1\"><a href=\"https:\/\/teranetmanitoba.ca\/wp-content\/uploads\/2019\/09\/form_ppr_d1_fillable.pdf\">Formule D1 - Annexe concernant les particuliers d\u00e9biteurs<\/a><\/td><td class=\"column-2\">Annexe destin\u00e9e \u00e0 l'ajout de particuliers d\u00e9biteurs suppl\u00e9mentaires \u00e0 un \u00e9tat de financement OU \u00e0 l'ajout de particuliers d\u00e9biteurs suppl\u00e9mentaires \u00e0 une modification d'\u00e9tat de financement.<\/td>\n<\/tr>\n<tr class=\"row-8\">\n\t<td class=\"column-1\"><a href=\"https:\/\/teranetmanitoba.ca\/wp-content\/uploads\/2019\/09\/form_ppr_d2_fillable.pdf\">Formule D2 - Annexe concernant les particuliers d\u00e9biteurs<\/a><\/td><td class=\"column-2\">Annexe destin\u00e9e \u00e0 modifier ou \u00e0 supprimer un particulier d\u00e9biteur d'une modification d'\u00e9tat de financement.<\/td>\n<\/tr>\n<tr class=\"row-9\">\n\t<td class=\"column-1\"><a href=\"https:\/\/teranetmanitoba.ca\/wp-content\/uploads\/2019\/09\/form_ppr_e1_fillable.pdf\">Formule E1 - Annexe concernant les commer\u00e7ants d\u00e9biteurs<\/a><\/td><td class=\"column-2\">Annexe destin\u00e9e \u00e0 l'ajout de commer\u00e7ants d\u00e9biteurs suppl\u00e9mentaires \u00e0 un \u00e9tat de financement OU \u00e0 l'ajout de commer\u00e7ants d\u00e9biteurs suppl\u00e9mentaires \u00e0 une modification d'\u00e9tat de financement.<\/td>\n<\/tr>\n<tr class=\"row-10\">\n\t<td class=\"column-1\"><a href=\"https:\/\/teranetmanitoba.ca\/wp-content\/uploads\/2019\/09\/form_ppr_e2_fillable.pdf\">Formule E2 - Annexe concernant les commer\u00e7ants d\u00e9biteurs<\/a><\/td><td class=\"column-2\">Annexe destin\u00e9e \u00e0 modifier ou \u00e0 supprimer un commer\u00e7ant d\u00e9biteur d'une modification d'\u00e9tat de financement.<\/td>\n<\/tr>\n<tr class=\"row-11\">\n\t<td class=\"column-1\"><a href=\"https:\/\/teranetmanitoba.ca\/wp-content\/uploads\/2019\/09\/form_ppr_f1_fillable.pdf\">Formule F1 - Annexe concernant les cr\u00e9anciers garantis<\/a><\/td><td class=\"column-2\">Annexe destin\u00e9e \u00e0 l'ajout de cr\u00e9anciers garantis suppl\u00e9mentaires \u00e0 un \u00e9tat de financement OU \u00e0 l'ajout de cr\u00e9anciers garantis suppl\u00e9mentaires \u00e0 une modification d'\u00e9tat de financement.<\/td>\n<\/tr>\n<tr class=\"row-12\">\n\t<td class=\"column-1\"><a href=\"https:\/\/teranetmanitoba.ca\/wp-content\/uploads\/2019\/09\/form_ppr_f2_fillable.pdf\">Formule F2 - Annexe concernant les cr\u00e9anciers garantis<\/a><\/td><td class=\"column-2\">Annexe destin\u00e9e \u00e0 modifier ou \u00e0 supprimer un cr\u00e9ancier garanti d'une modification d'\u00e9tat de financement.<\/td>\n<\/tr>\n<tr class=\"row-13\">\n\t<td class=\"column-1\"><a href=\"https:\/\/teranetmanitoba.ca\/wp-content\/uploads\/2019\/09\/form_ppr_g1_fillable.pdf\">Formule G1 - Annexe concernant les objets ayant un num\u00e9ro de s\u00e9rie<\/a><\/td><td class=\"column-2\">Annexe destin\u00e9e \u00e0 l'ajout d'objets ayant un num\u00e9ro de s\u00e9rie suppl\u00e9mentaires \u00e0 un \u00e9tat de financement OU \u00e0 l'ajout d'objets ayant un num\u00e9ro de s\u00e9rie suppl\u00e9mentaires \u00e0 une modification d'\u00e9tat de financement.<\/td>\n<\/tr>\n<tr class=\"row-14\">\n\t<td class=\"column-1\"><a href=\"https:\/\/teranetmanitoba.ca\/wp-content\/uploads\/2019\/09\/form_ppr_g2_fillable.pdf\">Formule G2 - Annexe concernant les objets ayant un num\u00e9ro de s\u00e9rie <\/a><\/td><td class=\"column-2\">Annexe destin\u00e9e \u00e0 modifier ou \u00e0 supprimer un num\u00e9ro de s\u00e9ries suppl\u00e9mentaires d'une modification d'\u00e9tat de financement.<\/td>\n<\/tr>\n<tr class=\"row-15\">\n\t<td class=\"column-1\"><a href=\"https:\/\/teranetmanitoba.ca\/wp-content\/uploads\/2019\/09\/form_ppr_h_fillable.pdf\">]Formule H - Annexe concernant les biens grev\u00e9s<\/a><\/td><td class=\"column-2\">Annexe destin\u00e9e \u00e0 ajouter un bien grev\u00e9 d'un \u00e9tat de financement OU ajouter\/modifier\/ supprimerd'une modification d'\u00e9tat de financement.<\/td>\n<\/tr>\n<tr class=\"row-16\">\n\t<td class=\"column-1\"><a href=\"https:\/\/teranetmanitoba.ca\/wp-content\/uploads\/2019\/09\/form_ppr_i_fillable.pdf\">Formule I - Annexe concernant les renseignements suppl\u00e9mentaires<\/a><\/td><td class=\"column-2\">Annexe destin\u00e9e \u00e0 ajouter des renseignements suppl\u00e9mentaires d'un \u00e9tat de ajouter\/modifier\/supprimer financement OU d'une modification d'\u00e9tat de financement.<\/td>\n<\/tr>\n<tr class=\"row-17\">\n\t<td class=\"column-1\"><a href=\"\/wp-content\/uploads\/2019\/09\/form_ppr_i_garage_keeper_fillable.pdf\">Formule I - Annexe concernant les renseignements suppl\u00e9mentaires - Garagister<\/a><\/td><td class=\"column-2\">Annexe destin\u00e9e \u00e0 ajouter des renseignements suppl\u00e9mentaires d'un \u00e9tat de ajouter\/modifier\/supprimer financement OU d'une modification d'\u00e9tat de financement.<\/td>\n<\/tr>\n<tr class=\"row-18\">\n\t<td class=\"column-1\"><a href=\"https:\/\/teranetmanitoba.ca\/wp-content\/uploads\/2019\/09\/form_ppr_j_fillable.pdf\">Formule J - D\u00e9claration de mainlev\u00e9et<\/a><\/td><td class=\"column-2\">Enregistrement de la mainlev\u00e9e d'un \u00e9tat de financement en vigueur.<\/td>\n<\/tr>\n<tr class=\"row-19\">\n\t<td class=\"column-1\"><a href=\"https:\/\/teranetmanitoba.ca\/wp-content\/uploads\/2019\/09\/form_ppr_k_fillable.pdf\">Formule K - Changement global<\/a><\/td><td class=\"column-2\">Destin\u00e9 \u00e0 apporter un changement global de cr\u00e9ancier garanti.<\/td>\n<\/tr>\n<tr class=\"row-20\">\n\t<td class=\"column-1\"><a href=\"https:\/\/teranetmanitoba.ca\/wp-content\/uploads\/2019\/09\/form_ppr_l_fillable.pdf\">Formule L - Demande de recherche <\/a><\/td><td class=\"column-2\">Demande de recherche aupr\u00e8s du Bureau d'enregistrement relatif aux biens personnels.<\/td>\n<\/tr>\n<tr class=\"row-21\">\n\t<td class=\"column-1\"><a href=\"https:\/\/teranetmanitoba.ca\/wp-content\/uploads\/2019\/09\/form_ppr_m_fillable.pdf\">Formule M - Copies de documents<\/a><\/td><td class=\"column-2\">Demande de copies de documents ou de documents certifi\u00e9s (enregistrements imprim\u00e9s).<\/td>\n<\/tr>\n<tr class=\"row-22\">\n\t<td class=\"column-1\"><a href=\"https:\/\/teranetmanitoba.ca\/wp-content\/uploads\/2019\/09\/form_ppr_n_fillable.pdf\">Formule N - Cr\u00e9ation d'un nouveau code d'usager<\/a><\/td><td class=\"column-2\">Cr\u00e9ation d'un nouveau code d'usager.<\/td>\n<\/tr>\n<\/tbody>\n<\/table>\n\n\t\t<script>\n\t\t\t(function($){\n\t\t\t  $(document).ready(function(){\n\n\t\t\t    function set_search_text(){\n\t\t\t\t    var $TP_searchWraps = $(\"#tablepress-14_wrapper .dataTables_filter label input\");\n\t\t\t\t    $TP_searchWraps.before(\" <span class='screen-reader-text'>Personal Property Registry Forms - French<\/span>\");\n\t\t\t\t    $(\"#tablepress-14\").append(\"<div aria-live='polite' id='tp-update-14' class='screen-reader-text'><\/div>\")\n\t\t\t\t    $TP_searchWraps.on(\"keyup\", function(){\n\t\t\t\t    \t$(\"#tp-update-14\").html($(\"#tablepress-14 tbody tr\").length+\" rows found\");\n\t\t\t\t    });\n\t\t\t    }\n\n\t\t\t  \tvar tablePress_ready_check_interavel = setInterval(function(){\n\t\t\t      if($(\"#tablepress-14_wrapper\").length > 0) {\n\t\t\t        clearInterval(tablePress_ready_check_interavel);\n\t\t\t        set_search_text();\n\t\t\t      }\n\t\t\t    }, 50);\n\n      \t});  \n\t\t\t})(jQuery)\n\t\t<\/script>\n  <!-- #tablepress-14 from cache --><\/span><\/p>\n","protected":false},"excerpt":{"rendered":"<p>Le R\u00e8glement sur le Bureau d&rsquo;enregistrement relatif aux biens personnels et la Loi sur les s\u00fbret\u00e9s relatives aux biens personnels doivent servir de guide \u00e0 la personne qui remplit les formules. La responsabilit\u00e9 du respect de la Loi et du r\u00e8glement incombe \u00e0 la partie qui d\u00e9pose l&rsquo;enregistrement.<\/p>\n","protected":false},"author":2,"featured_media":2756,"parent":2161,"menu_order":0,"comment_status":"closed","ping_status":"closed","template":"","meta":{"_acf_changed":false,"footnotes":""},"class_list":["post-2169","page","type-page","status-publish","has-post-thumbnail","hentry"],"acf":[],"yoast_head":"<!-- This site is optimized with the Yoast SEO Premium plugin v27.3 (Yoast SEO v27.3) - https:\/\/yoast.com\/product\/yoast-seo-premium-wordpress\/ -->\n<title>Formules du Bureau d&#039;enregistrement relatif aux biens personnels - Teranet Manitoba<\/title>\n<meta name=\"robots\" content=\"index, follow, max-snippet:-1, max-image-preview:large, max-video-preview:-1\" \/>\n<link rel=\"canonical\" href=\"https:\/\/teranetmanitoba.ca\/personal-property\/personal-property-registry-forms\/\" \/>\n<meta property=\"og:locale\" content=\"fr_FR\" \/>\n<meta property=\"og:type\" content=\"article\" \/>\n<meta property=\"og:title\" content=\"Formules du Bureau d&#039;enregistrement relatif aux biens personnels\" \/>\n<meta property=\"og:description\" content=\"Le R\u00e8glement sur le Bureau d&rsquo;enregistrement relatif aux biens personnels et la Loi sur les s\u00fbret\u00e9s relatives aux biens personnels doivent servir de guide \u00e0 la personne qui remplit les formules. La responsabilit\u00e9 du respect de la Loi et du r\u00e8glement incombe \u00e0 la partie qui d\u00e9pose l&rsquo;enregistrement.\" \/>\n<meta property=\"og:url\" content=\"https:\/\/teranetmanitoba.ca\/personal-property\/personal-property-registry-forms\/\" \/>\n<meta property=\"og:site_name\" content=\"Teranet Manitoba\" \/>\n<meta property=\"article:modified_time\" content=\"2023-06-16T13:47:31+00:00\" \/>\n<meta property=\"og:image\" content=\"https:\/\/teranetmanitoba.ca\/wp-content\/uploads\/2019\/11\/PPRsection.jpg\" \/>\n\t<meta property=\"og:image:width\" content=\"1200\" \/>\n\t<meta property=\"og:image:height\" content=\"800\" \/>\n\t<meta property=\"og:image:type\" content=\"image\/jpeg\" \/>\n<meta name=\"twitter:card\" content=\"summary_large_image\" \/>\n<script type=\"application\/ld+json\" class=\"yoast-schema-graph\">{\"@context\":\"https:\\\/\\\/schema.org\",\"@graph\":[{\"@type\":\"WebPage\",\"@id\":\"https:\\\/\\\/teranetmanitoba.ca\\\/personal-property\\\/personal-property-registry-forms\\\/\",\"url\":\"https:\\\/\\\/teranetmanitoba.ca\\\/personal-property\\\/personal-property-registry-forms\\\/\",\"name\":\"Formules du Bureau d'enregistrement relatif aux biens personnels - Teranet Manitoba\",\"isPartOf\":{\"@id\":\"https:\\\/\\\/teranetmanitoba.ca\\\/fr\\\/#website\"},\"primaryImageOfPage\":{\"@id\":\"https:\\\/\\\/teranetmanitoba.ca\\\/personal-property\\\/personal-property-registry-forms\\\/#primaryimage\"},\"image\":{\"@id\":\"https:\\\/\\\/teranetmanitoba.ca\\\/personal-property\\\/personal-property-registry-forms\\\/#primaryimage\"},\"thumbnailUrl\":\"https:\\\/\\\/teranetmanitoba.ca\\\/wp-content\\\/uploads\\\/2019\\\/11\\\/PPRsection.jpg\",\"datePublished\":\"2019-09-09T22:18:08+00:00\",\"dateModified\":\"2023-06-16T13:47:31+00:00\",\"breadcrumb\":{\"@id\":\"https:\\\/\\\/teranetmanitoba.ca\\\/personal-property\\\/personal-property-registry-forms\\\/#breadcrumb\"},\"inLanguage\":\"fr-FR\",\"potentialAction\":[{\"@type\":\"ReadAction\",\"target\":[\"https:\\\/\\\/teranetmanitoba.ca\\\/personal-property\\\/personal-property-registry-forms\\\/\"]}]},{\"@type\":\"ImageObject\",\"inLanguage\":\"fr-FR\",\"@id\":\"https:\\\/\\\/teranetmanitoba.ca\\\/personal-property\\\/personal-property-registry-forms\\\/#primaryimage\",\"url\":\"https:\\\/\\\/teranetmanitoba.ca\\\/wp-content\\\/uploads\\\/2019\\\/11\\\/PPRsection.jpg\",\"contentUrl\":\"https:\\\/\\\/teranetmanitoba.ca\\\/wp-content\\\/uploads\\\/2019\\\/11\\\/PPRsection.jpg\",\"width\":1200,\"height\":800},{\"@type\":\"BreadcrumbList\",\"@id\":\"https:\\\/\\\/teranetmanitoba.ca\\\/personal-property\\\/personal-property-registry-forms\\\/#breadcrumb\",\"itemListElement\":[{\"@type\":\"ListItem\",\"position\":1,\"name\":\"Home\",\"item\":\"https:\\\/\\\/teranetmanitoba.ca\\\/fr\\\/\"},{\"@type\":\"ListItem\",\"position\":2,\"name\":\"Biens personnels\",\"item\":\"https:\\\/\\\/teranetmanitoba.ca\\\/fr\\\/bureau-denregistrement-relative-aux-biens-personnels\\\/\"},{\"@type\":\"ListItem\",\"position\":3,\"name\":\"Formules du Bureau d&#8217;enregistrement relatif aux biens personnels\"}]},{\"@type\":\"WebSite\",\"@id\":\"https:\\\/\\\/teranetmanitoba.ca\\\/fr\\\/#website\",\"url\":\"https:\\\/\\\/teranetmanitoba.ca\\\/fr\\\/\",\"name\":\"Teranet Manitoba\",\"description\":\"\",\"publisher\":{\"@id\":\"https:\\\/\\\/teranetmanitoba.ca\\\/fr\\\/#organization\"},\"potentialAction\":[{\"@type\":\"SearchAction\",\"target\":{\"@type\":\"EntryPoint\",\"urlTemplate\":\"https:\\\/\\\/teranetmanitoba.ca\\\/fr\\\/?s={search_term_string}\"},\"query-input\":{\"@type\":\"PropertyValueSpecification\",\"valueRequired\":true,\"valueName\":\"search_term_string\"}}],\"inLanguage\":\"fr-FR\"},{\"@type\":\"Organization\",\"@id\":\"https:\\\/\\\/teranetmanitoba.ca\\\/fr\\\/#organization\",\"name\":\"Teranet Manitoba\",\"url\":\"https:\\\/\\\/teranetmanitoba.ca\\\/fr\\\/\",\"logo\":{\"@type\":\"ImageObject\",\"inLanguage\":\"fr-FR\",\"@id\":\"https:\\\/\\\/teranetmanitoba.ca\\\/fr\\\/#\\\/schema\\\/logo\\\/image\\\/\",\"url\":\"https:\\\/\\\/teranetmanitoba.ca\\\/wp-content\\\/uploads\\\/2024\\\/01\\\/TMB-RGB-horz-EN.png\",\"contentUrl\":\"https:\\\/\\\/teranetmanitoba.ca\\\/wp-content\\\/uploads\\\/2024\\\/01\\\/TMB-RGB-horz-EN.png\",\"width\":2768,\"height\":564,\"caption\":\"Teranet Manitoba\"},\"image\":{\"@id\":\"https:\\\/\\\/teranetmanitoba.ca\\\/fr\\\/#\\\/schema\\\/logo\\\/image\\\/\"},\"sameAs\":[\"https:\\\/\\\/www.linkedin.com\\\/company\\\/teranet-manitoba\\\/\",\"https:\\\/\\\/www.youtube.com\\\/@teranetmanitoba\"]}]}<\/script>\n<!-- \/ Yoast SEO Premium plugin. -->","yoast_head_json":{"title":"Formules du Bureau d'enregistrement relatif aux biens personnels - Teranet Manitoba","robots":{"index":"index","follow":"follow","max-snippet":"max-snippet:-1","max-image-preview":"max-image-preview:large","max-video-preview":"max-video-preview:-1"},"canonical":"https:\/\/teranetmanitoba.ca\/personal-property\/personal-property-registry-forms\/","og_locale":"fr_FR","og_type":"article","og_title":"Formules du Bureau d'enregistrement relatif aux biens personnels","og_description":"Le R\u00e8glement sur le Bureau d&rsquo;enregistrement relatif aux biens personnels et la Loi sur les s\u00fbret\u00e9s relatives aux biens personnels doivent servir de guide \u00e0 la personne qui remplit les formules. La responsabilit\u00e9 du respect de la Loi et du r\u00e8glement incombe \u00e0 la partie qui d\u00e9pose l&rsquo;enregistrement.","og_url":"https:\/\/teranetmanitoba.ca\/personal-property\/personal-property-registry-forms\/","og_site_name":"Teranet Manitoba","article_modified_time":"2023-06-16T13:47:31+00:00","og_image":[{"width":1200,"height":800,"url":"https:\/\/teranetmanitoba.ca\/wp-content\/uploads\/2019\/11\/PPRsection.jpg","type":"image\/jpeg"}],"twitter_card":"summary_large_image","schema":{"@context":"https:\/\/schema.org","@graph":[{"@type":"WebPage","@id":"https:\/\/teranetmanitoba.ca\/personal-property\/personal-property-registry-forms\/","url":"https:\/\/teranetmanitoba.ca\/personal-property\/personal-property-registry-forms\/","name":"Formules du Bureau d'enregistrement relatif aux biens personnels - Teranet Manitoba","isPartOf":{"@id":"https:\/\/teranetmanitoba.ca\/fr\/#website"},"primaryImageOfPage":{"@id":"https:\/\/teranetmanitoba.ca\/personal-property\/personal-property-registry-forms\/#primaryimage"},"image":{"@id":"https:\/\/teranetmanitoba.ca\/personal-property\/personal-property-registry-forms\/#primaryimage"},"thumbnailUrl":"https:\/\/teranetmanitoba.ca\/wp-content\/uploads\/2019\/11\/PPRsection.jpg","datePublished":"2019-09-09T22:18:08+00:00","dateModified":"2023-06-16T13:47:31+00:00","breadcrumb":{"@id":"https:\/\/teranetmanitoba.ca\/personal-property\/personal-property-registry-forms\/#breadcrumb"},"inLanguage":"fr-FR","potentialAction":[{"@type":"ReadAction","target":["https:\/\/teranetmanitoba.ca\/personal-property\/personal-property-registry-forms\/"]}]},{"@type":"ImageObject","inLanguage":"fr-FR","@id":"https:\/\/teranetmanitoba.ca\/personal-property\/personal-property-registry-forms\/#primaryimage","url":"https:\/\/teranetmanitoba.ca\/wp-content\/uploads\/2019\/11\/PPRsection.jpg","contentUrl":"https:\/\/teranetmanitoba.ca\/wp-content\/uploads\/2019\/11\/PPRsection.jpg","width":1200,"height":800},{"@type":"BreadcrumbList","@id":"https:\/\/teranetmanitoba.ca\/personal-property\/personal-property-registry-forms\/#breadcrumb","itemListElement":[{"@type":"ListItem","position":1,"name":"Home","item":"https:\/\/teranetmanitoba.ca\/fr\/"},{"@type":"ListItem","position":2,"name":"Biens personnels","item":"https:\/\/teranetmanitoba.ca\/fr\/bureau-denregistrement-relative-aux-biens-personnels\/"},{"@type":"ListItem","position":3,"name":"Formules du Bureau d&#8217;enregistrement relatif aux biens personnels"}]},{"@type":"WebSite","@id":"https:\/\/teranetmanitoba.ca\/fr\/#website","url":"https:\/\/teranetmanitoba.ca\/fr\/","name":"Teranet Manitoba","description":"","publisher":{"@id":"https:\/\/teranetmanitoba.ca\/fr\/#organization"},"potentialAction":[{"@type":"SearchAction","target":{"@type":"EntryPoint","urlTemplate":"https:\/\/teranetmanitoba.ca\/fr\/?s={search_term_string}"},"query-input":{"@type":"PropertyValueSpecification","valueRequired":true,"valueName":"search_term_string"}}],"inLanguage":"fr-FR"},{"@type":"Organization","@id":"https:\/\/teranetmanitoba.ca\/fr\/#organization","name":"Teranet Manitoba","url":"https:\/\/teranetmanitoba.ca\/fr\/","logo":{"@type":"ImageObject","inLanguage":"fr-FR","@id":"https:\/\/teranetmanitoba.ca\/fr\/#\/schema\/logo\/image\/","url":"https:\/\/teranetmanitoba.ca\/wp-content\/uploads\/2024\/01\/TMB-RGB-horz-EN.png","contentUrl":"https:\/\/teranetmanitoba.ca\/wp-content\/uploads\/2024\/01\/TMB-RGB-horz-EN.png","width":2768,"height":564,"caption":"Teranet Manitoba"},"image":{"@id":"https:\/\/teranetmanitoba.ca\/fr\/#\/schema\/logo\/image\/"},"sameAs":["https:\/\/www.linkedin.com\/company\/teranet-manitoba\/","https:\/\/www.youtube.com\/@teranetmanitoba"]}]}},"_links":{"self":[{"href":"https:\/\/teranetmanitoba.ca\/fr\/wp-json\/wp\/v2\/pages\/2169","targetHints":{"allow":["GET"]}}],"collection":[{"href":"https:\/\/teranetmanitoba.ca\/fr\/wp-json\/wp\/v2\/pages"}],"about":[{"href":"https:\/\/teranetmanitoba.ca\/fr\/wp-json\/wp\/v2\/types\/page"}],"author":[{"embeddable":true,"href":"https:\/\/teranetmanitoba.ca\/fr\/wp-json\/wp\/v2\/users\/2"}],"replies":[{"embeddable":true,"href":"https:\/\/teranetmanitoba.ca\/fr\/wp-json\/wp\/v2\/comments?post=2169"}],"version-history":[{"count":5,"href":"https:\/\/teranetmanitoba.ca\/fr\/wp-json\/wp\/v2\/pages\/2169\/revisions"}],"predecessor-version":[{"id":9211,"href":"https:\/\/teranetmanitoba.ca\/fr\/wp-json\/wp\/v2\/pages\/2169\/revisions\/9211"}],"up":[{"embeddable":true,"href":"https:\/\/teranetmanitoba.ca\/fr\/wp-json\/wp\/v2\/pages\/2161"}],"wp:featuredmedia":[{"embeddable":true,"href":"https:\/\/teranetmanitoba.ca\/fr\/wp-json\/wp\/v2\/media\/2756"}],"wp:attachment":[{"href":"https:\/\/teranetmanitoba.ca\/fr\/wp-json\/wp\/v2\/media?parent=2169"}],"curies":[{"name":"wp","href":"https:\/\/api.w.org\/{rel}","templated":true}]}}