{"id":2711,"date":"2019-11-06T18:42:23","date_gmt":"2019-11-06T18:42:23","guid":{"rendered":"https:\/\/teranetmanitoba.ca\/?page_id=2711"},"modified":"2025-03-12T08:33:52","modified_gmt":"2025-03-12T13:33:52","slug":"services-de-comptes","status":"publish","type":"page","link":"https:\/\/teranetmanitoba.ca\/fr\/titres-fonciers\/services-de-comptes\/","title":{"rendered":"Comptes et options de paiement"},"content":{"rendered":"<p>Avoir un compte de d\u00e9p\u00f4t d\u2019entreprise est le moyen le plus pratique pour les clients r\u00e9guliers de payer les recherches et les enregistrements en ligne. Il existe des options de comptes de d\u00e9p\u00f4t pour le Bureau des titres fonciers et le Bureau d\u2019enregistrement relatif aux biens personnels.<\/p>\n<p>Pour demander un compte de d\u00e9p\u00f4t au Bureau des titres fonciers ou au Bureau d\u2019enregistrement relatif aux biens personnels, veuillez soumettre une <a href=\"https:\/\/teranetmanitoba.ca\/wp-content\/uploads\/2022\/12\/ClientApplication_FR.pdf\">Formule de demande des clients<\/a> d\u00fbment remplie. Vous pouvez \u00e9galement communiquer avec notre <a href=\"https:\/\/teranetmanitoba.ca\/fr\/contactez-nous\/\">\u00e9quipe des services aux clients<\/a> pour obtenir de l\u2019aide.<\/p>\n<p>Les formules remplies qui contiennent des renseignements bancaires ne devraient pas \u00eatre envoy\u00e9es par courriel. Ils peuvent \u00eatre envoy\u00e9s \u00e0 :<\/p>\n<p><span style=\"color: #55565b;\"><strong>Teranet Manitoba<\/strong><\/span><br \/>\n<span style=\"color: #55565b;\">C.P.\u00a070 Winnipeg Main<\/span><br \/>\n<span style=\"color: #55565b;\">Winnipeg (Manitoba) R3C 2G1<\/span><br \/>\n<span style=\"color: #55565b;\">\u00c0 l\u2019attention du chef des services aux clients<\/span><\/p>\n<h3>Autres fa\u00e7ons de payer :<\/h3>\n<ul>\n<li><strong>En personne\u00a0:<\/strong> vous pouvez payer payer en esp\u00e8ces, par d\u00e9bit, Visa ou Master Card \u00e0 l\u2019un de nos <a href=\"https:\/\/teranetmanitoba.ca\/fr\/contactez-nous\/\">six bureaux<\/a>.<\/li>\n<li><strong>Carte de cr\u00e9dit en ligne : <\/strong>les paiements par carte VISA et MasterCard sont accept\u00e9s sur nos application Recherche de titre.<\/li>\n<\/ul>\n","protected":false},"excerpt":{"rendered":"<p>Avoir un compte de d\u00e9p\u00f4t d\u2019entreprise est le moyen le plus pratique pour les clients r\u00e9guliers de payer les recherches et les enregistrements en ligne. Il existe des options de comptes de d\u00e9p\u00f4t pour le Bureau des titres fonciers et le Bureau d\u2019enregistrement relatif aux biens personnels. Pour demander un compte de d\u00e9p\u00f4t au Bureau&hellip; <br \/> <a class=\"read-more btn btn-green-2\" href=\"https:\/\/teranetmanitoba.ca\/fr\/titres-fonciers\/services-de-comptes\/\">Lire la suite<\/a><\/p>\n","protected":false},"author":1,"featured_media":2751,"parent":2106,"menu_order":0,"comment_status":"closed","ping_status":"closed","template":"","meta":{"_acf_changed":false,"footnotes":""},"class_list":["post-2711","page","type-page","status-publish","has-post-thumbnail","hentry"],"acf":[],"yoast_head":"<!-- This site is optimized with the Yoast SEO Premium plugin v27.3 (Yoast SEO v27.3) - https:\/\/yoast.com\/product\/yoast-seo-premium-wordpress\/ -->\n<title>Comptes et options de paiement - Teranet Manitoba<\/title>\n<meta name=\"robots\" content=\"index, follow, max-snippet:-1, max-image-preview:large, max-video-preview:-1\" \/>\n<link rel=\"canonical\" href=\"https:\/\/www.teranetmanitoba.ca\/fr\/titres-fonciers\/services-de-comptes\/\" \/>\n<meta property=\"og:locale\" content=\"fr_FR\" \/>\n<meta property=\"og:type\" content=\"article\" \/>\n<meta property=\"og:title\" content=\"Comptes et options de paiement\" \/>\n<meta property=\"og:description\" content=\"Avoir un compte de d\u00e9p\u00f4t d\u2019entreprise est le moyen le plus pratique pour les clients r\u00e9guliers de payer les recherches et les enregistrements en ligne. Il existe des options de comptes de d\u00e9p\u00f4t pour le Bureau des titres fonciers et le Bureau d\u2019enregistrement relatif aux biens personnels. Pour demander un compte de d\u00e9p\u00f4t au Bureau&hellip; Lire la suite\" \/>\n<meta property=\"og:url\" content=\"https:\/\/www.teranetmanitoba.ca\/fr\/titres-fonciers\/services-de-comptes\/\" \/>\n<meta property=\"og:site_name\" content=\"Teranet Manitoba\" \/>\n<meta property=\"article:modified_time\" content=\"2025-03-12T13:33:52+00:00\" \/>\n<meta property=\"og:image\" content=\"https:\/\/www.teranetmanitoba.ca\/wp-content\/uploads\/2019\/11\/landtitlessection.jpg\" \/>\n\t<meta property=\"og:image:width\" content=\"977\" \/>\n\t<meta property=\"og:image:height\" content=\"651\" \/>\n\t<meta property=\"og:image:type\" content=\"image\/jpeg\" \/>\n<meta name=\"twitter:card\" content=\"summary_large_image\" \/>\n<script type=\"application\/ld+json\" class=\"yoast-schema-graph\">{\"@context\":\"https:\\\/\\\/schema.org\",\"@graph\":[{\"@type\":\"WebPage\",\"@id\":\"https:\\\/\\\/www.teranetmanitoba.ca\\\/fr\\\/titres-fonciers\\\/services-de-comptes\\\/\",\"url\":\"https:\\\/\\\/www.teranetmanitoba.ca\\\/fr\\\/titres-fonciers\\\/services-de-comptes\\\/\",\"name\":\"Comptes et options de paiement - Teranet Manitoba\",\"isPartOf\":{\"@id\":\"https:\\\/\\\/teranetmanitoba.ca\\\/#website\"},\"primaryImageOfPage\":{\"@id\":\"https:\\\/\\\/www.teranetmanitoba.ca\\\/fr\\\/titres-fonciers\\\/services-de-comptes\\\/#primaryimage\"},\"image\":{\"@id\":\"https:\\\/\\\/www.teranetmanitoba.ca\\\/fr\\\/titres-fonciers\\\/services-de-comptes\\\/#primaryimage\"},\"thumbnailUrl\":\"https:\\\/\\\/teranetmanitoba.ca\\\/wp-content\\\/uploads\\\/2019\\\/11\\\/landtitlessection.jpg\",\"datePublished\":\"2019-11-06T18:42:23+00:00\",\"dateModified\":\"2025-03-12T13:33:52+00:00\",\"breadcrumb\":{\"@id\":\"https:\\\/\\\/www.teranetmanitoba.ca\\\/fr\\\/titres-fonciers\\\/services-de-comptes\\\/#breadcrumb\"},\"inLanguage\":\"fr-FR\",\"potentialAction\":[{\"@type\":\"ReadAction\",\"target\":[\"https:\\\/\\\/www.teranetmanitoba.ca\\\/fr\\\/titres-fonciers\\\/services-de-comptes\\\/\"]}]},{\"@type\":\"ImageObject\",\"inLanguage\":\"fr-FR\",\"@id\":\"https:\\\/\\\/www.teranetmanitoba.ca\\\/fr\\\/titres-fonciers\\\/services-de-comptes\\\/#primaryimage\",\"url\":\"https:\\\/\\\/teranetmanitoba.ca\\\/wp-content\\\/uploads\\\/2019\\\/11\\\/landtitlessection.jpg\",\"contentUrl\":\"https:\\\/\\\/teranetmanitoba.ca\\\/wp-content\\\/uploads\\\/2019\\\/11\\\/landtitlessection.jpg\",\"width\":977,\"height\":651,\"caption\":\"real estate investment concept, property value diagram on touchscreen, buy a house\"},{\"@type\":\"BreadcrumbList\",\"@id\":\"https:\\\/\\\/www.teranetmanitoba.ca\\\/fr\\\/titres-fonciers\\\/services-de-comptes\\\/#breadcrumb\",\"itemListElement\":[{\"@type\":\"ListItem\",\"position\":1,\"name\":\"Home\",\"item\":\"https:\\\/\\\/teranetmanitoba.ca\\\/fr\\\/\"},{\"@type\":\"ListItem\",\"position\":2,\"name\":\"Titres fonciers\",\"item\":\"https:\\\/\\\/www.teranetmanitoba.ca\\\/fr\\\/titres-fonciers\\\/\"},{\"@type\":\"ListItem\",\"position\":3,\"name\":\"Comptes et options de paiement\"}]},{\"@type\":\"WebSite\",\"@id\":\"https:\\\/\\\/teranetmanitoba.ca\\\/#website\",\"url\":\"https:\\\/\\\/teranetmanitoba.ca\\\/\",\"name\":\"Teranet Manitoba\",\"description\":\"\",\"publisher\":{\"@id\":\"https:\\\/\\\/teranetmanitoba.ca\\\/#organization\"},\"potentialAction\":[{\"@type\":\"SearchAction\",\"target\":{\"@type\":\"EntryPoint\",\"urlTemplate\":\"https:\\\/\\\/teranetmanitoba.ca\\\/?s={search_term_string}\"},\"query-input\":{\"@type\":\"PropertyValueSpecification\",\"valueRequired\":true,\"valueName\":\"search_term_string\"}}],\"inLanguage\":\"fr-FR\"},{\"@type\":\"Organization\",\"@id\":\"https:\\\/\\\/teranetmanitoba.ca\\\/#organization\",\"name\":\"Teranet Manitoba\",\"url\":\"https:\\\/\\\/teranetmanitoba.ca\\\/\",\"logo\":{\"@type\":\"ImageObject\",\"inLanguage\":\"fr-FR\",\"@id\":\"https:\\\/\\\/teranetmanitoba.ca\\\/#\\\/schema\\\/logo\\\/image\\\/\",\"url\":\"https:\\\/\\\/teranetmanitoba.ca\\\/wp-content\\\/uploads\\\/2024\\\/01\\\/TMB-RGB-horz-EN.png\",\"contentUrl\":\"https:\\\/\\\/teranetmanitoba.ca\\\/wp-content\\\/uploads\\\/2024\\\/01\\\/TMB-RGB-horz-EN.png\",\"width\":2768,\"height\":564,\"caption\":\"Teranet Manitoba\"},\"image\":{\"@id\":\"https:\\\/\\\/teranetmanitoba.ca\\\/#\\\/schema\\\/logo\\\/image\\\/\"},\"sameAs\":[\"https:\\\/\\\/www.linkedin.com\\\/company\\\/teranet-manitoba\\\/\",\"https:\\\/\\\/www.youtube.com\\\/@teranetmanitoba\"]}]}<\/script>\n<!-- \/ Yoast SEO Premium plugin. -->","yoast_head_json":{"title":"Comptes et options de paiement - Teranet Manitoba","robots":{"index":"index","follow":"follow","max-snippet":"max-snippet:-1","max-image-preview":"max-image-preview:large","max-video-preview":"max-video-preview:-1"},"canonical":"https:\/\/www.teranetmanitoba.ca\/fr\/titres-fonciers\/services-de-comptes\/","og_locale":"fr_FR","og_type":"article","og_title":"Comptes et options de paiement","og_description":"Avoir un compte de d\u00e9p\u00f4t d\u2019entreprise est le moyen le plus pratique pour les clients r\u00e9guliers de payer les recherches et les enregistrements en ligne. Il existe des options de comptes de d\u00e9p\u00f4t pour le Bureau des titres fonciers et le Bureau d\u2019enregistrement relatif aux biens personnels. Pour demander un compte de d\u00e9p\u00f4t au Bureau&hellip; Lire la suite","og_url":"https:\/\/www.teranetmanitoba.ca\/fr\/titres-fonciers\/services-de-comptes\/","og_site_name":"Teranet Manitoba","article_modified_time":"2025-03-12T13:33:52+00:00","og_image":[{"width":977,"height":651,"url":"https:\/\/www.teranetmanitoba.ca\/wp-content\/uploads\/2019\/11\/landtitlessection.jpg","type":"image\/jpeg"}],"twitter_card":"summary_large_image","schema":{"@context":"https:\/\/schema.org","@graph":[{"@type":"WebPage","@id":"https:\/\/www.teranetmanitoba.ca\/fr\/titres-fonciers\/services-de-comptes\/","url":"https:\/\/www.teranetmanitoba.ca\/fr\/titres-fonciers\/services-de-comptes\/","name":"Comptes et options de paiement - Teranet Manitoba","isPartOf":{"@id":"https:\/\/teranetmanitoba.ca\/#website"},"primaryImageOfPage":{"@id":"https:\/\/www.teranetmanitoba.ca\/fr\/titres-fonciers\/services-de-comptes\/#primaryimage"},"image":{"@id":"https:\/\/www.teranetmanitoba.ca\/fr\/titres-fonciers\/services-de-comptes\/#primaryimage"},"thumbnailUrl":"https:\/\/teranetmanitoba.ca\/wp-content\/uploads\/2019\/11\/landtitlessection.jpg","datePublished":"2019-11-06T18:42:23+00:00","dateModified":"2025-03-12T13:33:52+00:00","breadcrumb":{"@id":"https:\/\/www.teranetmanitoba.ca\/fr\/titres-fonciers\/services-de-comptes\/#breadcrumb"},"inLanguage":"fr-FR","potentialAction":[{"@type":"ReadAction","target":["https:\/\/www.teranetmanitoba.ca\/fr\/titres-fonciers\/services-de-comptes\/"]}]},{"@type":"ImageObject","inLanguage":"fr-FR","@id":"https:\/\/www.teranetmanitoba.ca\/fr\/titres-fonciers\/services-de-comptes\/#primaryimage","url":"https:\/\/teranetmanitoba.ca\/wp-content\/uploads\/2019\/11\/landtitlessection.jpg","contentUrl":"https:\/\/teranetmanitoba.ca\/wp-content\/uploads\/2019\/11\/landtitlessection.jpg","width":977,"height":651,"caption":"real estate investment concept, property value diagram on touchscreen, buy a house"},{"@type":"BreadcrumbList","@id":"https:\/\/www.teranetmanitoba.ca\/fr\/titres-fonciers\/services-de-comptes\/#breadcrumb","itemListElement":[{"@type":"ListItem","position":1,"name":"Home","item":"https:\/\/teranetmanitoba.ca\/fr\/"},{"@type":"ListItem","position":2,"name":"Titres fonciers","item":"https:\/\/www.teranetmanitoba.ca\/fr\/titres-fonciers\/"},{"@type":"ListItem","position":3,"name":"Comptes et options de paiement"}]},{"@type":"WebSite","@id":"https:\/\/teranetmanitoba.ca\/#website","url":"https:\/\/teranetmanitoba.ca\/","name":"Teranet Manitoba","description":"","publisher":{"@id":"https:\/\/teranetmanitoba.ca\/#organization"},"potentialAction":[{"@type":"SearchAction","target":{"@type":"EntryPoint","urlTemplate":"https:\/\/teranetmanitoba.ca\/?s={search_term_string}"},"query-input":{"@type":"PropertyValueSpecification","valueRequired":true,"valueName":"search_term_string"}}],"inLanguage":"fr-FR"},{"@type":"Organization","@id":"https:\/\/teranetmanitoba.ca\/#organization","name":"Teranet Manitoba","url":"https:\/\/teranetmanitoba.ca\/","logo":{"@type":"ImageObject","inLanguage":"fr-FR","@id":"https:\/\/teranetmanitoba.ca\/#\/schema\/logo\/image\/","url":"https:\/\/teranetmanitoba.ca\/wp-content\/uploads\/2024\/01\/TMB-RGB-horz-EN.png","contentUrl":"https:\/\/teranetmanitoba.ca\/wp-content\/uploads\/2024\/01\/TMB-RGB-horz-EN.png","width":2768,"height":564,"caption":"Teranet Manitoba"},"image":{"@id":"https:\/\/teranetmanitoba.ca\/#\/schema\/logo\/image\/"},"sameAs":["https:\/\/www.linkedin.com\/company\/teranet-manitoba\/","https:\/\/www.youtube.com\/@teranetmanitoba"]}]}},"_links":{"self":[{"href":"https:\/\/teranetmanitoba.ca\/fr\/wp-json\/wp\/v2\/pages\/2711","targetHints":{"allow":["GET"]}}],"collection":[{"href":"https:\/\/teranetmanitoba.ca\/fr\/wp-json\/wp\/v2\/pages"}],"about":[{"href":"https:\/\/teranetmanitoba.ca\/fr\/wp-json\/wp\/v2\/types\/page"}],"author":[{"embeddable":true,"href":"https:\/\/teranetmanitoba.ca\/fr\/wp-json\/wp\/v2\/users\/1"}],"replies":[{"embeddable":true,"href":"https:\/\/teranetmanitoba.ca\/fr\/wp-json\/wp\/v2\/comments?post=2711"}],"version-history":[{"count":43,"href":"https:\/\/teranetmanitoba.ca\/fr\/wp-json\/wp\/v2\/pages\/2711\/revisions"}],"predecessor-version":[{"id":12618,"href":"https:\/\/teranetmanitoba.ca\/fr\/wp-json\/wp\/v2\/pages\/2711\/revisions\/12618"}],"up":[{"embeddable":true,"href":"https:\/\/teranetmanitoba.ca\/fr\/wp-json\/wp\/v2\/pages\/2106"}],"wp:featuredmedia":[{"embeddable":true,"href":"https:\/\/teranetmanitoba.ca\/fr\/wp-json\/wp\/v2\/media\/2751"}],"wp:attachment":[{"href":"https:\/\/teranetmanitoba.ca\/fr\/wp-json\/wp\/v2\/media?parent=2711"}],"curies":[{"name":"wp","href":"https:\/\/api.w.org\/{rel}","templated":true}]}}