{"id":3297,"date":"2019-11-13T22:38:44","date_gmt":"2019-11-13T22:38:44","guid":{"rendered":"https:\/\/teranetmanitoba.ca\/?page_id=3297"},"modified":"2025-07-25T15:42:25","modified_gmt":"2025-07-25T20:42:25","slug":"contactez-nous","status":"publish","type":"page","link":"https:\/\/teranetmanitoba.ca\/fr\/contactez-nous\/","title":{"rendered":"Contactez Nous"},"content":{"rendered":"<h3><span style=\"color: #55565b;\"><strong>Nous sommes l\u00e0 pour vous aider<\/strong><\/span><\/h3>\n<p style=\"color: #55565b;\">Contactez notre \u00e9quipe de service \u00e0 la client\u00e8le pour obtenir de l&rsquo;aide concernant les titres fonciers, les biens personnels, les lev\u00e9s ou nos services en ligne. Nous sommes disponibles du lundi au vendredi de 8h30 \u00e0 16h30 (\u00e0 l&rsquo;exception des jours f\u00e9ri\u00e9s).<\/p>\n<h3><span style=\"color: #55565b;\">Par courriel<\/span><\/h3>\n<p>Envoyez-nous un courriel directement \u00e0 <a href=\"mailto:clientservice@teranet.ca\">clientservice@teranet.ca<\/a> ou utilisez ce formulaire de contact.<\/p>\n<p><iframe style=\"border: none; float: left; overflow: hidden;\" src=\"https:\/\/cloud.connect.teranet.ca\/Teranet%20Manitoba%20Contact%20Us%20-%20FR\" width=\"650\" height=\"500\" frameborder=\"0\" scrolling=\"no\" allowfullscreen=\"allowfullscreen\"><span data-mce-type=\"bookmark\" style=\"display: inline-block; width: 0px; overflow: hidden; line-height: 0;\" class=\"mce_SELRES_start\">\ufeff<\/span><\/iframe><\/p>\n<div style=\"clear: both; height: 0; margin-top: 20px; margin-bottom: 20px;\"><\/div>\n<h3><span style=\"color: #55565b;\">Par t\u00e9l\u00e9phone<\/span><\/h3>\n<p style=\"color: #55565b;\">Appelez-nous sans frais au <a style=\"color: #4c7a15;\" href=\"tel:18447375684\">1-844-737-5684<\/a>.<\/p>\n<h3><span style=\"color: #55565b;\">Par courrier<\/span><\/h3>\n<p style=\"color: #55565b;\">Teranet Manitoba<br \/>\nPO Box 70 Winnipeg Main<br \/>\nWinnipeg, Manitoba R3C 2G1<\/p>\n<h3><span style=\"color: #55565b;\"><strong>Visitez un bureau<\/strong><\/span><\/h3>\n<p>Pour une assistance en personne, vous pouvez visiter nos bureaux dans toute la province.<\/p>\n","protected":false},"excerpt":{"rendered":"<p>Nous sommes l\u00e0 pour vous aider Contactez notre \u00e9quipe de service \u00e0 la client\u00e8le pour obtenir de l&rsquo;aide concernant les titres fonciers, les biens personnels, les lev\u00e9s ou nos services en ligne. Nous sommes disponibles du lundi au vendredi de 8h30 \u00e0 16h30 (\u00e0 l&rsquo;exception des jours f\u00e9ri\u00e9s). Par courriel Envoyez-nous un courriel directement \u00e0&hellip; <br \/> <a class=\"read-more btn btn-green-2\" href=\"https:\/\/teranetmanitoba.ca\/fr\/contactez-nous\/\">Lire la suite<\/a><\/p>\n","protected":false},"author":1,"featured_media":3932,"parent":0,"menu_order":0,"comment_status":"closed","ping_status":"closed","template":"","meta":{"_acf_changed":false,"footnotes":""},"class_list":["post-3297","page","type-page","status-publish","has-post-thumbnail","hentry"],"acf":[],"yoast_head":"<!-- This site is optimized with the Yoast SEO Premium plugin v27.3 (Yoast SEO v27.3) - https:\/\/yoast.com\/product\/yoast-seo-premium-wordpress\/ -->\n<title>Contactez Nous - Teranet Manitoba<\/title>\n<meta name=\"robots\" content=\"index, follow, max-snippet:-1, max-image-preview:large, max-video-preview:-1\" \/>\n<link rel=\"canonical\" href=\"https:\/\/www.teranetmanitoba.ca\/fr\/contactez-nous\/\" \/>\n<meta property=\"og:locale\" content=\"fr_FR\" \/>\n<meta property=\"og:type\" content=\"article\" \/>\n<meta property=\"og:title\" content=\"Contactez Nous\" \/>\n<meta property=\"og:description\" content=\"Nous sommes l\u00e0 pour vous aider Contactez notre \u00e9quipe de service \u00e0 la client\u00e8le pour obtenir de l&rsquo;aide concernant les titres fonciers, les biens personnels, les lev\u00e9s ou nos services en ligne. Nous sommes disponibles du lundi au vendredi de 8h30 \u00e0 16h30 (\u00e0 l&rsquo;exception des jours f\u00e9ri\u00e9s). Par courriel Envoyez-nous un courriel directement \u00e0&hellip; Lire la suite\" \/>\n<meta property=\"og:url\" content=\"https:\/\/www.teranetmanitoba.ca\/fr\/contactez-nous\/\" \/>\n<meta property=\"og:site_name\" content=\"Teranet Manitoba\" \/>\n<meta property=\"article:modified_time\" content=\"2025-07-25T20:42:25+00:00\" \/>\n<meta property=\"og:image\" content=\"https:\/\/www.teranetmanitoba.ca\/wp-content\/uploads\/2019\/11\/newssection-1.jpg\" \/>\n\t<meta property=\"og:image:width\" content=\"1766\" \/>\n\t<meta property=\"og:image:height\" content=\"859\" \/>\n\t<meta property=\"og:image:type\" content=\"image\/jpeg\" \/>\n<meta name=\"twitter:card\" content=\"summary_large_image\" \/>\n<script type=\"application\/ld+json\" class=\"yoast-schema-graph\">{\"@context\":\"https:\\\/\\\/schema.org\",\"@graph\":[{\"@type\":\"WebPage\",\"@id\":\"https:\\\/\\\/www.teranetmanitoba.ca\\\/fr\\\/contactez-nous\\\/\",\"url\":\"https:\\\/\\\/www.teranetmanitoba.ca\\\/fr\\\/contactez-nous\\\/\",\"name\":\"Contactez Nous - Teranet Manitoba\",\"isPartOf\":{\"@id\":\"https:\\\/\\\/teranetmanitoba.ca\\\/#website\"},\"primaryImageOfPage\":{\"@id\":\"https:\\\/\\\/www.teranetmanitoba.ca\\\/fr\\\/contactez-nous\\\/#primaryimage\"},\"image\":{\"@id\":\"https:\\\/\\\/www.teranetmanitoba.ca\\\/fr\\\/contactez-nous\\\/#primaryimage\"},\"thumbnailUrl\":\"https:\\\/\\\/teranetmanitoba.ca\\\/wp-content\\\/uploads\\\/2019\\\/11\\\/newssection-1.jpg\",\"datePublished\":\"2019-11-13T22:38:44+00:00\",\"dateModified\":\"2025-07-25T20:42:25+00:00\",\"breadcrumb\":{\"@id\":\"https:\\\/\\\/www.teranetmanitoba.ca\\\/fr\\\/contactez-nous\\\/#breadcrumb\"},\"inLanguage\":\"fr-FR\",\"potentialAction\":[{\"@type\":\"ReadAction\",\"target\":[\"https:\\\/\\\/www.teranetmanitoba.ca\\\/fr\\\/contactez-nous\\\/\"]}]},{\"@type\":\"ImageObject\",\"inLanguage\":\"fr-FR\",\"@id\":\"https:\\\/\\\/www.teranetmanitoba.ca\\\/fr\\\/contactez-nous\\\/#primaryimage\",\"url\":\"https:\\\/\\\/teranetmanitoba.ca\\\/wp-content\\\/uploads\\\/2019\\\/11\\\/newssection-1.jpg\",\"contentUrl\":\"https:\\\/\\\/teranetmanitoba.ca\\\/wp-content\\\/uploads\\\/2019\\\/11\\\/newssection-1.jpg\",\"width\":1766,\"height\":859},{\"@type\":\"BreadcrumbList\",\"@id\":\"https:\\\/\\\/www.teranetmanitoba.ca\\\/fr\\\/contactez-nous\\\/#breadcrumb\",\"itemListElement\":[{\"@type\":\"ListItem\",\"position\":1,\"name\":\"Home\",\"item\":\"https:\\\/\\\/teranetmanitoba.ca\\\/fr\\\/\"},{\"@type\":\"ListItem\",\"position\":2,\"name\":\"Contactez Nous\"}]},{\"@type\":\"WebSite\",\"@id\":\"https:\\\/\\\/teranetmanitoba.ca\\\/#website\",\"url\":\"https:\\\/\\\/teranetmanitoba.ca\\\/\",\"name\":\"Teranet Manitoba\",\"description\":\"\",\"publisher\":{\"@id\":\"https:\\\/\\\/teranetmanitoba.ca\\\/#organization\"},\"potentialAction\":[{\"@type\":\"SearchAction\",\"target\":{\"@type\":\"EntryPoint\",\"urlTemplate\":\"https:\\\/\\\/teranetmanitoba.ca\\\/?s={search_term_string}\"},\"query-input\":{\"@type\":\"PropertyValueSpecification\",\"valueRequired\":true,\"valueName\":\"search_term_string\"}}],\"inLanguage\":\"fr-FR\"},{\"@type\":\"Organization\",\"@id\":\"https:\\\/\\\/teranetmanitoba.ca\\\/#organization\",\"name\":\"Teranet Manitoba\",\"url\":\"https:\\\/\\\/teranetmanitoba.ca\\\/\",\"logo\":{\"@type\":\"ImageObject\",\"inLanguage\":\"fr-FR\",\"@id\":\"https:\\\/\\\/teranetmanitoba.ca\\\/#\\\/schema\\\/logo\\\/image\\\/\",\"url\":\"https:\\\/\\\/teranetmanitoba.ca\\\/wp-content\\\/uploads\\\/2024\\\/01\\\/TMB-RGB-horz-EN.png\",\"contentUrl\":\"https:\\\/\\\/teranetmanitoba.ca\\\/wp-content\\\/uploads\\\/2024\\\/01\\\/TMB-RGB-horz-EN.png\",\"width\":2768,\"height\":564,\"caption\":\"Teranet Manitoba\"},\"image\":{\"@id\":\"https:\\\/\\\/teranetmanitoba.ca\\\/#\\\/schema\\\/logo\\\/image\\\/\"},\"sameAs\":[\"https:\\\/\\\/www.linkedin.com\\\/company\\\/teranet-manitoba\\\/\",\"https:\\\/\\\/www.youtube.com\\\/@teranetmanitoba\"]}]}<\/script>\n<!-- \/ Yoast SEO Premium plugin. -->","yoast_head_json":{"title":"Contactez Nous - Teranet Manitoba","robots":{"index":"index","follow":"follow","max-snippet":"max-snippet:-1","max-image-preview":"max-image-preview:large","max-video-preview":"max-video-preview:-1"},"canonical":"https:\/\/www.teranetmanitoba.ca\/fr\/contactez-nous\/","og_locale":"fr_FR","og_type":"article","og_title":"Contactez Nous","og_description":"Nous sommes l\u00e0 pour vous aider Contactez notre \u00e9quipe de service \u00e0 la client\u00e8le pour obtenir de l&rsquo;aide concernant les titres fonciers, les biens personnels, les lev\u00e9s ou nos services en ligne. Nous sommes disponibles du lundi au vendredi de 8h30 \u00e0 16h30 (\u00e0 l&rsquo;exception des jours f\u00e9ri\u00e9s). Par courriel Envoyez-nous un courriel directement \u00e0&hellip; Lire la suite","og_url":"https:\/\/www.teranetmanitoba.ca\/fr\/contactez-nous\/","og_site_name":"Teranet Manitoba","article_modified_time":"2025-07-25T20:42:25+00:00","og_image":[{"width":1766,"height":859,"url":"https:\/\/www.teranetmanitoba.ca\/wp-content\/uploads\/2019\/11\/newssection-1.jpg","type":"image\/jpeg"}],"twitter_card":"summary_large_image","schema":{"@context":"https:\/\/schema.org","@graph":[{"@type":"WebPage","@id":"https:\/\/www.teranetmanitoba.ca\/fr\/contactez-nous\/","url":"https:\/\/www.teranetmanitoba.ca\/fr\/contactez-nous\/","name":"Contactez Nous - Teranet Manitoba","isPartOf":{"@id":"https:\/\/teranetmanitoba.ca\/#website"},"primaryImageOfPage":{"@id":"https:\/\/www.teranetmanitoba.ca\/fr\/contactez-nous\/#primaryimage"},"image":{"@id":"https:\/\/www.teranetmanitoba.ca\/fr\/contactez-nous\/#primaryimage"},"thumbnailUrl":"https:\/\/teranetmanitoba.ca\/wp-content\/uploads\/2019\/11\/newssection-1.jpg","datePublished":"2019-11-13T22:38:44+00:00","dateModified":"2025-07-25T20:42:25+00:00","breadcrumb":{"@id":"https:\/\/www.teranetmanitoba.ca\/fr\/contactez-nous\/#breadcrumb"},"inLanguage":"fr-FR","potentialAction":[{"@type":"ReadAction","target":["https:\/\/www.teranetmanitoba.ca\/fr\/contactez-nous\/"]}]},{"@type":"ImageObject","inLanguage":"fr-FR","@id":"https:\/\/www.teranetmanitoba.ca\/fr\/contactez-nous\/#primaryimage","url":"https:\/\/teranetmanitoba.ca\/wp-content\/uploads\/2019\/11\/newssection-1.jpg","contentUrl":"https:\/\/teranetmanitoba.ca\/wp-content\/uploads\/2019\/11\/newssection-1.jpg","width":1766,"height":859},{"@type":"BreadcrumbList","@id":"https:\/\/www.teranetmanitoba.ca\/fr\/contactez-nous\/#breadcrumb","itemListElement":[{"@type":"ListItem","position":1,"name":"Home","item":"https:\/\/teranetmanitoba.ca\/fr\/"},{"@type":"ListItem","position":2,"name":"Contactez Nous"}]},{"@type":"WebSite","@id":"https:\/\/teranetmanitoba.ca\/#website","url":"https:\/\/teranetmanitoba.ca\/","name":"Teranet Manitoba","description":"","publisher":{"@id":"https:\/\/teranetmanitoba.ca\/#organization"},"potentialAction":[{"@type":"SearchAction","target":{"@type":"EntryPoint","urlTemplate":"https:\/\/teranetmanitoba.ca\/?s={search_term_string}"},"query-input":{"@type":"PropertyValueSpecification","valueRequired":true,"valueName":"search_term_string"}}],"inLanguage":"fr-FR"},{"@type":"Organization","@id":"https:\/\/teranetmanitoba.ca\/#organization","name":"Teranet Manitoba","url":"https:\/\/teranetmanitoba.ca\/","logo":{"@type":"ImageObject","inLanguage":"fr-FR","@id":"https:\/\/teranetmanitoba.ca\/#\/schema\/logo\/image\/","url":"https:\/\/teranetmanitoba.ca\/wp-content\/uploads\/2024\/01\/TMB-RGB-horz-EN.png","contentUrl":"https:\/\/teranetmanitoba.ca\/wp-content\/uploads\/2024\/01\/TMB-RGB-horz-EN.png","width":2768,"height":564,"caption":"Teranet Manitoba"},"image":{"@id":"https:\/\/teranetmanitoba.ca\/#\/schema\/logo\/image\/"},"sameAs":["https:\/\/www.linkedin.com\/company\/teranet-manitoba\/","https:\/\/www.youtube.com\/@teranetmanitoba"]}]}},"_links":{"self":[{"href":"https:\/\/teranetmanitoba.ca\/fr\/wp-json\/wp\/v2\/pages\/3297","targetHints":{"allow":["GET"]}}],"collection":[{"href":"https:\/\/teranetmanitoba.ca\/fr\/wp-json\/wp\/v2\/pages"}],"about":[{"href":"https:\/\/teranetmanitoba.ca\/fr\/wp-json\/wp\/v2\/types\/page"}],"author":[{"embeddable":true,"href":"https:\/\/teranetmanitoba.ca\/fr\/wp-json\/wp\/v2\/users\/1"}],"replies":[{"embeddable":true,"href":"https:\/\/teranetmanitoba.ca\/fr\/wp-json\/wp\/v2\/comments?post=3297"}],"version-history":[{"count":87,"href":"https:\/\/teranetmanitoba.ca\/fr\/wp-json\/wp\/v2\/pages\/3297\/revisions"}],"predecessor-version":[{"id":13184,"href":"https:\/\/teranetmanitoba.ca\/fr\/wp-json\/wp\/v2\/pages\/3297\/revisions\/13184"}],"wp:featuredmedia":[{"embeddable":true,"href":"https:\/\/teranetmanitoba.ca\/fr\/wp-json\/wp\/v2\/media\/3932"}],"wp:attachment":[{"href":"https:\/\/teranetmanitoba.ca\/fr\/wp-json\/wp\/v2\/media?parent=3297"}],"curies":[{"name":"wp","href":"https:\/\/api.w.org\/{rel}","templated":true}]}}